{"id":4018,"date":"2023-04-27T07:59:42","date_gmt":"2023-04-27T11:59:42","guid":{"rendered":"https:\/\/universalpayments.ca\/?page_id=4018"},"modified":"2023-05-01T06:40:36","modified_gmt":"2023-05-01T10:40:36","slug":"lane-2","status":"publish","type":"page","link":"https:\/\/universalpayments.ca\/french\/terminal-support\/lane-2\/","title":{"rendered":"Lane"},"content":{"rendered":"<section class=\"ffb-id-6n3udvlh fg-section fg-text-dark\"><div class=\"fg-container container fg-container-small fg-container-lvl--1 \"><div class=\"fg-row row    \" ><div class=\"ffb-id-6n3ulbp9 fg-col col-xs-12 col-md-12 fg-text-dark\"><div class=\"ffb-id-6n3uof2m fg-row row     serbox fg-text-dark\" style=\"padding:20px;\"><div class=\"ffb-id-6n3uogh5 fg-col col-xs-12 col-md-8 fg-text-dark\"><h2 class=\"ffb-id-6n3ulbpe fg-heading text-center    fg-text-dark\">Lane<\/h2><p class=\"ffb-id-6n3umg5h fg-paragraph text-center    fg-text-dark\">Apprenez \u00e0 conna\u00eetre votre Lane. D\u00e9couvrez comment configurer votre appareil en fonction de vos besoins, effectuer des transactions quotidiennes, et plus encore.<br \/>\n<\/p><\/div><div class=\"ffb-id-6n3uor7m fg-col col-xs-12 col-md-4 fg-text-dark\"><img decoding=\"async\" class=\"ffb-id-6n41ie4n fg-image  img-responsive full-width fg-text-dark\" src=\"https:\/\/universalpayments.ca\/wp-content\/uploads\/2023\/04\/lane.png\"><\/div><\/div><\/div><div class=\"ffb-id-6n3udvli fg-col col-xs-12 col-md-12 fg-text-dark\"><h4 class=\"ffb-id-6n3ut2qa fg-heading text-left    fg-text-dark\">Guides des appareils et manuels d'utilisation<\/h4><ul class=\"ffb-id-6n3ue9vj ffb-list lists-base fg-text-dark\"><li class=\"ffb-list-item text-left ffb-list-style-icon list-unstyled fg-text-dark ffb-list-item-1\"><i class=\"ffb-list-icon ff-font-awesome4 icon-file-pdf-o  fg-text-dark ffb-one-icon\"><\/i><div class=\"ffb-list-text fg-text-dark ffb-one-text\"><a href=\"https:\/\/universalpayments.ca\/wp-content\/uploads\/2023\/03\/Clover-Flex-2-Clover-Flex-3-Specs-1.pdf\"  target=\"_blank\"  class=\"ffb-list-link\"  >Clover Flex Gen 2 - Setting Up Your Terminal<\/a><\/div><\/li><li class=\"ffb-list-item text-left ffb-list-style-icon list-unstyled fg-text-dark ffb-list-item-2\"><i class=\"ffb-list-icon ff-font-awesome4 icon-file-pdf-o  fg-text-dark ffb-one-icon\"><\/i><div class=\"ffb-list-text fg-text-dark ffb-one-text\"><a href=\"#\"  target=\"_blank\"  class=\"ffb-list-link\"  >Clover Flex Gen 3 - Setting Up Your Terminal<\/a><\/div><\/li><li class=\"ffb-list-item text-left ffb-list-style-icon list-unstyled fg-text-dark ffb-list-item-3\"><i class=\"ffb-list-icon ff-font-awesome4 icon-file-pdf-o  fg-text-dark ffb-one-icon\"><\/i><div class=\"ffb-list-text fg-text-dark ffb-one-text\"><a href=\"#\"  target=\"_blank\"  class=\"ffb-list-link\"  >Clover Flex Gen 3 - Setting Up Your Terminal<\/a><\/div><\/li><li class=\"ffb-list-item text-left ffb-list-style-icon list-unstyled fg-text-dark ffb-list-item-4\"><i class=\"ffb-list-icon ff-font-awesome4 icon-file-pdf-o  fg-text-dark ffb-one-icon\"><\/i><div class=\"ffb-list-text fg-text-dark ffb-one-text\"><a href=\"#\"  target=\"_blank\"  class=\"ffb-list-link\"  >Clover Flex Gen 3 - Setting Up Your Terminal<\/a><\/div><\/li><\/ul><\/div><\/div><\/div><\/section><style>.ffb-id-6n3udvlh{ padding-top: 40px;padding-bottom: 40px;}@media (min-width:992px) { .ffb-id-6n3udvlh{ padding-bottom: 80px;}}.ffb-id-6n3udvli{ padding-top: 40px;}.ffb-id-6n3ue9vj .ffb-list-item-1 .ffb-list-icon{ color:#c04d4d;}.ffb-id-6n3ue9vj .ffb-list-item-1 a{ color: #2a5c8a;}.ffb-id-6n3ue9vj .ffb-list-item-1 a:hover{ color: #2a5c8a;}.ffb-id-6n3ue9vj .ffb-list-item-1{ font-size: 16px !important;font-weight: normal !important;}.ffb-id-6n3ue9vj .ffb-list-item-1 ,.ffb-id-6n3ue9vj .ffb-list-item-1:before,.ffb-id-6n3ue9vj .ffb-list-item-1:after,.ffb-id-6n3ue9vj .ffb-list-item-1:hover,.ffb-id-6n3ue9vj .ffb-list-item-1:focus,.ffb-id-6n3ue9vj .ffb-list-item-1 *,.ffb-id-6n3ue9vj .ffb-list-item-1 *:before,.ffb-id-6n3ue9vj .ffb-list-item-1 *:after,.ffb-id-6n3ue9vj .ffb-list-item-1 *:hover,.ffb-id-6n3ue9vj .ffb-list-item-1 *:focus{ font-size: 16px !important;font-weight: normal !important;}@media (min-width:992px) { .ffb-id-6n3ue9vj .ffb-list-item-1{ font-size: 17px !important;}}@media (min-width:992px) { .ffb-id-6n3ue9vj .ffb-list-item-1 ,.ffb-id-6n3ue9vj .ffb-list-item-1:before,.ffb-id-6n3ue9vj .ffb-list-item-1:after,.ffb-id-6n3ue9vj .ffb-list-item-1:hover,.ffb-id-6n3ue9vj .ffb-list-item-1:focus,.ffb-id-6n3ue9vj .ffb-list-item-1 *,.ffb-id-6n3ue9vj .ffb-list-item-1 *:before,.ffb-id-6n3ue9vj .ffb-list-item-1 *:after,.ffb-id-6n3ue9vj .ffb-list-item-1 *:hover,.ffb-id-6n3ue9vj .ffb-list-item-1 *:focus{ font-size: 17px !important;}}.ffb-id-6n3ue9vj .ffb-list-item-2 .ffb-list-icon{ color:#c04d4d;}.ffb-id-6n3ue9vj .ffb-list-item-2 a{ color: #2a5c8a;}.ffb-id-6n3ue9vj .ffb-list-item-2 a:hover{ color: #2a5c8a;}.ffb-id-6n3ue9vj .ffb-list-item-2{ font-size: 16px !important;font-weight: normal !important;}.ffb-id-6n3ue9vj .ffb-list-item-2 ,.ffb-id-6n3ue9vj .ffb-list-item-2:before,.ffb-id-6n3ue9vj .ffb-list-item-2:after,.ffb-id-6n3ue9vj .ffb-list-item-2:hover,.ffb-id-6n3ue9vj .ffb-list-item-2:focus,.ffb-id-6n3ue9vj .ffb-list-item-2 *,.ffb-id-6n3ue9vj .ffb-list-item-2 *:before,.ffb-id-6n3ue9vj .ffb-list-item-2 *:after,.ffb-id-6n3ue9vj .ffb-list-item-2 *:hover,.ffb-id-6n3ue9vj .ffb-list-item-2 *:focus{ font-size: 16px !important;font-weight: normal !important;}@media (min-width:992px) { .ffb-id-6n3ue9vj .ffb-list-item-2{ font-size: 17px !important;}}@media (min-width:992px) { .ffb-id-6n3ue9vj .ffb-list-item-2 ,.ffb-id-6n3ue9vj .ffb-list-item-2:before,.ffb-id-6n3ue9vj .ffb-list-item-2:after,.ffb-id-6n3ue9vj .ffb-list-item-2:hover,.ffb-id-6n3ue9vj .ffb-list-item-2:focus,.ffb-id-6n3ue9vj .ffb-list-item-2 *,.ffb-id-6n3ue9vj .ffb-list-item-2 *:before,.ffb-id-6n3ue9vj .ffb-list-item-2 *:after,.ffb-id-6n3ue9vj .ffb-list-item-2 *:hover,.ffb-id-6n3ue9vj .ffb-list-item-2 *:focus{ font-size: 17px !important;}}.ffb-id-6n3ue9vj .ffb-list-item-3 .ffb-list-icon{ color:#c04d4d;}.ffb-id-6n3ue9vj .ffb-list-item-3 a{ color: #2a5c8a;}.ffb-id-6n3ue9vj .ffb-list-item-3 a:hover{ color: #2a5c8a;}.ffb-id-6n3ue9vj .ffb-list-item-3{ font-size: 16px !important;font-weight: normal !important;}.ffb-id-6n3ue9vj .ffb-list-item-3 ,.ffb-id-6n3ue9vj .ffb-list-item-3:before,.ffb-id-6n3ue9vj .ffb-list-item-3:after,.ffb-id-6n3ue9vj .ffb-list-item-3:hover,.ffb-id-6n3ue9vj .ffb-list-item-3:focus,.ffb-id-6n3ue9vj .ffb-list-item-3 *,.ffb-id-6n3ue9vj .ffb-list-item-3 *:before,.ffb-id-6n3ue9vj .ffb-list-item-3 *:after,.ffb-id-6n3ue9vj .ffb-list-item-3 *:hover,.ffb-id-6n3ue9vj .ffb-list-item-3 *:focus{ font-size: 16px !important;font-weight: normal !important;}@media (min-width:992px) { .ffb-id-6n3ue9vj .ffb-list-item-3{ font-size: 17px !important;}}@media (min-width:992px) { .ffb-id-6n3ue9vj .ffb-list-item-3 ,.ffb-id-6n3ue9vj .ffb-list-item-3:before,.ffb-id-6n3ue9vj .ffb-list-item-3:after,.ffb-id-6n3ue9vj .ffb-list-item-3:hover,.ffb-id-6n3ue9vj .ffb-list-item-3:focus,.ffb-id-6n3ue9vj .ffb-list-item-3 *,.ffb-id-6n3ue9vj .ffb-list-item-3 *:before,.ffb-id-6n3ue9vj .ffb-list-item-3 *:after,.ffb-id-6n3ue9vj .ffb-list-item-3 *:hover,.ffb-id-6n3ue9vj .ffb-list-item-3 *:focus{ font-size: 17px !important;}}.ffb-id-6n3ue9vj .ffb-list-item-4 .ffb-list-icon{ color:#c04d4d;}.ffb-id-6n3ue9vj .ffb-list-item-4 a{ color: #2a5c8a;}.ffb-id-6n3ue9vj .ffb-list-item-4 a:hover{ color: #2a5c8a;}.ffb-id-6n3ue9vj .ffb-list-item-4{ font-size: 16px !important;font-weight: normal !important;}.ffb-id-6n3ue9vj .ffb-list-item-4 ,.ffb-id-6n3ue9vj .ffb-list-item-4:before,.ffb-id-6n3ue9vj .ffb-list-item-4:after,.ffb-id-6n3ue9vj .ffb-list-item-4:hover,.ffb-id-6n3ue9vj .ffb-list-item-4:focus,.ffb-id-6n3ue9vj .ffb-list-item-4 *,.ffb-id-6n3ue9vj .ffb-list-item-4 *:before,.ffb-id-6n3ue9vj .ffb-list-item-4 *:after,.ffb-id-6n3ue9vj .ffb-list-item-4 *:hover,.ffb-id-6n3ue9vj .ffb-list-item-4 *:focus{ font-size: 16px !important;font-weight: normal !important;}@media (min-width:992px) { .ffb-id-6n3ue9vj .ffb-list-item-4{ font-size: 17px !important;}}@media (min-width:992px) { .ffb-id-6n3ue9vj .ffb-list-item-4 ,.ffb-id-6n3ue9vj .ffb-list-item-4:before,.ffb-id-6n3ue9vj .ffb-list-item-4:after,.ffb-id-6n3ue9vj .ffb-list-item-4:hover,.ffb-id-6n3ue9vj .ffb-list-item-4:focus,.ffb-id-6n3ue9vj .ffb-list-item-4 *,.ffb-id-6n3ue9vj .ffb-list-item-4 *:before,.ffb-id-6n3ue9vj .ffb-list-item-4 *:after,.ffb-id-6n3ue9vj .ffb-list-item-4 *:hover,.ffb-id-6n3ue9vj .ffb-list-item-4 *:focus{ font-size: 17px !important;}}.ffb-id-6n3ut2qa{ padding-top: 15px;padding-bottom: 10px;}.ffb-id-6n3ut2qa ,.ffb-id-6n3ut2qa:before,.ffb-id-6n3ut2qa:after,.ffb-id-6n3ut2qa *,.ffb-id-6n3ut2qa *:before,.ffb-id-6n3ut2qa *:after{ color: #434343 !important;}.ffb-id-6n3ut2qa{ font-weight: bold !important;}.ffb-id-6n3ut2qa ,.ffb-id-6n3ut2qa:before,.ffb-id-6n3ut2qa:after,.ffb-id-6n3ut2qa:hover,.ffb-id-6n3ut2qa:focus,.ffb-id-6n3ut2qa *,.ffb-id-6n3ut2qa *:before,.ffb-id-6n3ut2qa *:after,.ffb-id-6n3ut2qa *:hover,.ffb-id-6n3ut2qa *:focus{ font-weight: bold !important;}.ffb-id-6n3ulbp9{ padding-bottom: 25px;}.ffb-id-6n3ulbpe{ margin-bottom: 10px;padding-top: 15px;}.ffb-id-6n3ulbpe ,.ffb-id-6n3ulbpe:before,.ffb-id-6n3ulbpe:after,.ffb-id-6n3ulbpe *,.ffb-id-6n3ulbpe *:before,.ffb-id-6n3ulbpe *:after{ color: #2a5c8a !important;}.ffb-id-6n3ulbpe{ font-weight: bold !important;}.ffb-id-6n3ulbpe ,.ffb-id-6n3ulbpe:before,.ffb-id-6n3ulbpe:after,.ffb-id-6n3ulbpe:hover,.ffb-id-6n3ulbpe:focus,.ffb-id-6n3ulbpe *,.ffb-id-6n3ulbpe *:before,.ffb-id-6n3ulbpe *:after,.ffb-id-6n3ulbpe *:hover,.ffb-id-6n3ulbpe *:focus{ font-weight: bold !important;}<\/style><script type=\"text\/javascript\"><\/script>\n","protected":false},"excerpt":{"rendered":"","protected":false},"author":1,"featured_media":0,"parent":3896,"menu_order":0,"comment_status":"closed","ping_status":"closed","template":"","meta":{"footnotes":""},"class_list":["post-4018","page","type-page","status-publish","hentry","post-wrapper"],"_links":{"self":[{"href":"https:\/\/universalpayments.ca\/french\/wp-json\/wp\/v2\/pages\/4018","targetHints":{"allow":["GET"]}}],"collection":[{"href":"https:\/\/universalpayments.ca\/french\/wp-json\/wp\/v2\/pages"}],"about":[{"href":"https:\/\/universalpayments.ca\/french\/wp-json\/wp\/v2\/types\/page"}],"author":[{"embeddable":true,"href":"https:\/\/universalpayments.ca\/french\/wp-json\/wp\/v2\/users\/1"}],"replies":[{"embeddable":true,"href":"https:\/\/universalpayments.ca\/french\/wp-json\/wp\/v2\/comments?post=4018"}],"version-history":[{"count":1,"href":"https:\/\/universalpayments.ca\/french\/wp-json\/wp\/v2\/pages\/4018\/revisions"}],"predecessor-version":[{"id":4077,"href":"https:\/\/universalpayments.ca\/french\/wp-json\/wp\/v2\/pages\/4018\/revisions\/4077"}],"up":[{"embeddable":true,"href":"https:\/\/universalpayments.ca\/french\/wp-json\/wp\/v2\/pages\/3896"}],"wp:attachment":[{"href":"https:\/\/universalpayments.ca\/french\/wp-json\/wp\/v2\/media?parent=4018"}],"curies":[{"name":"wp","href":"https:\/\/api.w.org\/{rel}","templated":true}]}}