{"id":290,"date":"2020-08-21T20:43:20","date_gmt":"2020-08-22T00:43:20","guid":{"rendered":"https:\/\/expert-themes.com\/newwp\/globex\/?page_id=290"},"modified":"2023-03-02T05:10:04","modified_gmt":"2023-03-02T10:10:04","slug":"about-us","status":"publish","type":"page","link":"https:\/\/universalpayments.ca\/french\/about-us\/","title":{"rendered":"\u00c0 propos de nous"},"content":{"rendered":"<p><section class=\"ffb-id-6fq4jd1j fg-section fg-el-has-bg fg-text-dark\"><span class=\"fg-bg\"><span data-fg-bg=\"{&quot;type&quot;:&quot;gradient&quot;,&quot;gradient&quot;:&quot;background: -moz-linear-gradient(left,  #2a5c8a 0%, #3366ff 100%); \\\/* FF3.6-15 *\\\/\\nbackground: -webkit-linear-gradient(left,  #2a5c8a 0%,#3366ff 100%); \\\/* Chrome10-25,Safari5.1-6 *\\\/\\nbackground: linear-gradient(to right,  #2a5c8a 0%,#3366ff 100%); \\\/* W3C, IE10+, FF16+, Chrome26+, Opera12+, Safari7+ *\\\/\\nfilter: progid:DXImageTransform.Microsoft.gradient( startColorstr=&#039;#2a5c8a&#039;, endColorstr=&#039;#3366ff&#039;,GradientType=1 ); \\\/* IE6-9 *\\\/\\n&quot;,&quot;opacity&quot;:1}\" class=\"fg-bg-layer fg-bg-type-gradient \" style=\"opacity: 1; background: -moz-linear-gradient(left,  #2a5c8a 0%, #3366ff 100%); \/* FF3.6-15 *\/\nbackground: -webkit-linear-gradient(left,  #2a5c8a 0%,#3366ff 100%); \/* Chrome10-25,Safari5.1-6 *\/\nbackground: linear-gradient(to right,  #2a5c8a 0%,#3366ff 100%); \/* W3C, IE10+, FF16+, Chrome26+, Opera12+, Safari7+ *\/\nfilter: progid:DXImageTransform.Microsoft.gradient( startColorstr=&#039;#2a5c8a&#039;, endColorstr=&#039;#3366ff&#039;,GradientType=1 ); \/* IE6-9 *\/\n\"><\/span><\/span><div class=\"fg-container container fg-container-medium fg-container-lvl--1 \"><div class=\"fg-row row    fg-row-match-cols\"  data-fg-match-cols=\"{&quot;1&quot;:&quot;0&quot;,&quot;2&quot;:&quot;0&quot;,&quot;3&quot;:&quot;1&quot;,&quot;4&quot;:&quot;1&quot;}\" ><div class=\"ffb-id-6fq4jd1r fg-col col-xs-12 col-md-12 fg-text-dark\"><div class=\"fg-match-column-inside-wrapper\"><section class=\"ffb-id-6furkedl heading-v1 text-center    fg-text-light\"><h2 class=\"heading-v1-Section fg-text-light ffb-header-1\" data-fg-wow=\"fadeInUp\" data-wow-duration=\"1s\" data-wow-delay=\"0.1s\">\u00c0 propos des Universal Payments<br \/>\n<\/h2><p class=\"heading-v1-text-content  fg-text-light ffb-paragraph-2\" data-fg-wow=\"fadeInUp\" data-wow-duration=\"1s\" data-wow-delay=\"0.2s\">Universal Payments Inc. a \u00e9t\u00e9 cr\u00e9\u00e9 pour changer la fa\u00e7on dont les commer\u00e7ants et leurs clients interagissent afin de rendre le commerce universellement accept\u00e9 d'une mani\u00e8re compr\u00e9hensible. Nous avons une fa\u00e7on tr\u00e8s unique de demander au commer\u00e7ant de configurer une solution de paiement qui lui convient et nous sommes l\u00e0 pour r\u00e9pondre \u00e0 toutes les questions que nos clients pourraient avoir et sugg\u00e9rer tout ce qui pourrait aider \u00e0 \u00e9conomiser de l'argent sur leurs besoins.<br \/>\n<\/p><p class=\"heading-v1-text-content  fg-text-light ffb-paragraph-3\" data-fg-wow=\"fadeInUp\" data-wow-duration=\"1s\" data-wow-delay=\"0.3s\">Notre \u00e9quipe est compos\u00e9e de professionnels des services financiers et de la technologie de pointe qui ont des d\u00e9cennies d'exp\u00e9rience dans la fourniture de services aux commer\u00e7ants et de solutions de traitement des paiements au Canada et dans le monde.<br \/>\n<\/p><\/section><\/div><\/div><\/div><\/div><\/section><style>.ffb-id-6fq4jd1j{ padding-top: 40px;}@media (min-width:992px) { .ffb-id-6fq4jd1j{ padding-top: 80px;}}.ffb-id-6fq4jd1r{ padding-bottom: 50px;}@media (min-width:992px) { .ffb-id-6fq4jd1r{ padding-bottom: 70px;}}.ffb-id-6furkedl .ffb-header-1{ font-family: 'Poppins', Arial, sans-serif !important;}.ffb-id-6furkedl .ffb-header-1:before,.ffb-id-6furkedl .ffb-header-1:after,.ffb-id-6furkedl .ffb-header-1:hover,.ffb-id-6furkedl .ffb-header-1:focus,.ffb-id-6furkedl .ffb-header-1 *,.ffb-id-6furkedl .ffb-header-1 *:before,.ffb-id-6furkedl .ffb-header-1 *:after,.ffb-id-6furkedl .ffb-header-1 *:hover,.ffb-id-6furkedl .ffb-header-1 *:focus{ font-family: 'Poppins', Arial, sans-serif !important;}.ffb-id-6furkedl .ffb-header-1{ font-size: 30px !important;font-weight: bold !important;}.ffb-id-6furkedl .ffb-header-1 ,.ffb-id-6furkedl .ffb-header-1:before,.ffb-id-6furkedl .ffb-header-1:after,.ffb-id-6furkedl .ffb-header-1:hover,.ffb-id-6furkedl .ffb-header-1:focus,.ffb-id-6furkedl .ffb-header-1 *,.ffb-id-6furkedl .ffb-header-1 *:before,.ffb-id-6furkedl .ffb-header-1 *:after,.ffb-id-6furkedl .ffb-header-1 *:hover,.ffb-id-6furkedl .ffb-header-1 *:focus{ font-size: 30px !important;font-weight: bold !important;}@media (min-width:992px) { .ffb-id-6furkedl .ffb-header-1{ font-size: 40px !important;}}@media (min-width:992px) { .ffb-id-6furkedl .ffb-header-1 ,.ffb-id-6furkedl .ffb-header-1:before,.ffb-id-6furkedl .ffb-header-1:after,.ffb-id-6furkedl .ffb-header-1:hover,.ffb-id-6furkedl .ffb-header-1:focus,.ffb-id-6furkedl .ffb-header-1 *,.ffb-id-6furkedl .ffb-header-1 *:before,.ffb-id-6furkedl .ffb-header-1 *:after,.ffb-id-6furkedl .ffb-header-1 *:hover,.ffb-id-6furkedl .ffb-header-1 *:focus{ font-size: 40px !important;}}.ffb-id-6furkedl .ffb-paragraph-2 ,.ffb-id-6furkedl .ffb-paragraph-2:before,.ffb-id-6furkedl .ffb-paragraph-2:after,.ffb-id-6furkedl .ffb-paragraph-2 *,.ffb-id-6furkedl .ffb-paragraph-2 *:before,.ffb-id-6furkedl .ffb-paragraph-2 *:after{ color: #ffffff !important;}.ffb-id-6furkedl .ffb-paragraph-2{ font-size: 18px !important;}.ffb-id-6furkedl .ffb-paragraph-2 ,.ffb-id-6furkedl .ffb-paragraph-2:before,.ffb-id-6furkedl .ffb-paragraph-2:after,.ffb-id-6furkedl .ffb-paragraph-2:hover,.ffb-id-6furkedl .ffb-paragraph-2:focus,.ffb-id-6furkedl .ffb-paragraph-2 *,.ffb-id-6furkedl .ffb-paragraph-2 *:before,.ffb-id-6furkedl .ffb-paragraph-2 *:after,.ffb-id-6furkedl .ffb-paragraph-2 *:hover,.ffb-id-6furkedl .ffb-paragraph-2 *:focus{ font-size: 18px !important;}@media (min-width:992px) { .ffb-id-6furkedl .ffb-paragraph-2{ font-size: 20px !important;}}@media (min-width:992px) { .ffb-id-6furkedl .ffb-paragraph-2 ,.ffb-id-6furkedl .ffb-paragraph-2:before,.ffb-id-6furkedl .ffb-paragraph-2:after,.ffb-id-6furkedl .ffb-paragraph-2:hover,.ffb-id-6furkedl .ffb-paragraph-2:focus,.ffb-id-6furkedl .ffb-paragraph-2 *,.ffb-id-6furkedl .ffb-paragraph-2 *:before,.ffb-id-6furkedl .ffb-paragraph-2 *:after,.ffb-id-6furkedl .ffb-paragraph-2 *:hover,.ffb-id-6furkedl .ffb-paragraph-2 *:focus{ font-size: 20px !important;}}.ffb-id-6furkedl .ffb-paragraph-3 ,.ffb-id-6furkedl .ffb-paragraph-3:before,.ffb-id-6furkedl .ffb-paragraph-3:after,.ffb-id-6furkedl .ffb-paragraph-3 *,.ffb-id-6furkedl .ffb-paragraph-3 *:before,.ffb-id-6furkedl .ffb-paragraph-3 *:after{ color: #ffffff !important;}.ffb-id-6furkedl .ffb-paragraph-3{ font-size: 18px !important;}.ffb-id-6furkedl .ffb-paragraph-3 ,.ffb-id-6furkedl .ffb-paragraph-3:before,.ffb-id-6furkedl .ffb-paragraph-3:after,.ffb-id-6furkedl .ffb-paragraph-3:hover,.ffb-id-6furkedl .ffb-paragraph-3:focus,.ffb-id-6furkedl .ffb-paragraph-3 *,.ffb-id-6furkedl .ffb-paragraph-3 *:before,.ffb-id-6furkedl .ffb-paragraph-3 *:after,.ffb-id-6furkedl .ffb-paragraph-3 *:hover,.ffb-id-6furkedl .ffb-paragraph-3 *:focus{ font-size: 18px !important;}@media (min-width:992px) { .ffb-id-6furkedl .ffb-paragraph-3{ font-size: 20px !important;}}@media (min-width:992px) { .ffb-id-6furkedl .ffb-paragraph-3 ,.ffb-id-6furkedl .ffb-paragraph-3:before,.ffb-id-6furkedl .ffb-paragraph-3:after,.ffb-id-6furkedl .ffb-paragraph-3:hover,.ffb-id-6furkedl .ffb-paragraph-3:focus,.ffb-id-6furkedl .ffb-paragraph-3 *,.ffb-id-6furkedl .ffb-paragraph-3 *:before,.ffb-id-6furkedl .ffb-paragraph-3 *:after,.ffb-id-6furkedl .ffb-paragraph-3 *:hover,.ffb-id-6furkedl .ffb-paragraph-3 *:focus{ font-size: 20px !important;}}.ffb-id-6furkedl{ margin-bottom: 20px;padding-top: 30px;}<\/style><script type=\"text\/javascript\"><\/script><section class=\"ffb-id-qiudomo fg-section fg-text-light\"><div class=\"fg-container container-fluid fg-container-fluid fg-container-lvl--1 \"><div class=\"fg-row row    fg-row-match-cols\"  data-fg-match-cols=\"{&quot;1&quot;:&quot;0&quot;,&quot;2&quot;:&quot;0&quot;,&quot;3&quot;:&quot;1&quot;,&quot;4&quot;:&quot;1&quot;}\" ><div class=\"ffb-id-qiug00h fg-col col-xs-12 col-lg-6 col-lg-push-6 fg-el-has-bg fg-text-light\"><span class=\"fg-bg\"><span data-fg-bg=\"{&quot;type&quot;:&quot;parallax&quot;,&quot;url&quot;:&quot;https:\\\/\\\/universalpayments.ca\\\/french\\\/wp-content\\\/uploads\\\/2023\\\/02\\\/image4-1.jpg&quot;,&quot;opacity&quot;:&quot;1&quot;,&quot;width&quot;:&quot;1200&quot;,&quot;height&quot;:&quot;1500&quot;,&quot;speed&quot;:&quot;50&quot;,&quot;size&quot;:&quot;cover&quot;,&quot;offset_h&quot;:&quot;50&quot;,&quot;offset_v&quot;:&quot;20&quot;}\" class=\"fg-bg-layer fg-bg-type-parallax \" style=\"opacity: 1; background-image: url(&quot;https:\/\/universalpayments.ca\/french\/wp-content\/uploads\/2023\/02\/image4-1.jpg&quot;);\"><\/span><\/span><div class=\"fg-vcenter-wrapper\"><div class=\"fg-vcenter\"><div class=\"fg-match-column-inside-wrapper\"><\/div><\/div><\/div><\/div><div class=\"ffb-id-qiv75t2 fg-col col-xs-12 col-lg-6 col-lg-pull-6 fg-text-dark\"><div class=\"fg-vcenter-wrapper\"><div class=\"fg-vcenter\"><div class=\"fg-match-column-inside-wrapper\"><section class=\"ffb-id-6fut554e heading-v1 text-center    fg-text-dark\"><p class=\"heading-v1-text-content  fg-text-dark ffb-paragraph-1\" data-fg-wow=\"fadeInUp\" data-wow-duration=\"1s\" data-wow-delay=\"0.1s\">Gr\u00e2ce \u00e0 une technologie innovante et \u00e0 une approche \u00e0 source unique, Universal Payments offre \u00e0 ses clients les moyens de paiement les plus pratiques, rapides et s\u00e9curis\u00e9s. Quel que soit le canal - en magasin, en ligne ou mobile - nous fournissons une gamme compl\u00e8te de produits et de services pour r\u00e9pondre aux besoins de nos clients, de l'acceptation des paiements par carte de cr\u00e9dit en personne en fournissant du mat\u00e9riel et des logiciels de point de vente, \u00e0 diverses solutions de commerce \u00e9lectronique, c'est-\u00e0-dire. Terminal virtuel (VT), paiement h\u00e9berg\u00e9, paiement iFrame et API vers diverses passerelles.<br \/>\n<\/p><\/section><\/div><\/div><\/div><\/div><\/div><\/div><\/section><style>.ffb-id-6fq4jd1j{ \npadding-top: 40px;\n\n}\n@media (min-width:992px) { \n.ffb-id-6fq4jd1j{ \npadding-top: 80px;\n\n}\n}.ffb-id-6fq4jd1r{ \npadding-bottom: 50px;\n\n}\n@media (min-width:992px) { \n.ffb-id-6fq4jd1r{ \npadding-bottom: 70px;\n\n}\n}.ffb-id-6furkedl .ffb-header-1{ \nfont-family: 'Poppins', Arial, sans-serif !important;\n}\n.ffb-id-6furkedl .ffb-header-1:before,\n.ffb-id-6furkedl .ffb-header-1:after,\n.ffb-id-6furkedl .ffb-header-1:hover,\n.ffb-id-6furkedl .ffb-header-1:focus,\n.ffb-id-6furkedl .ffb-header-1 *,\n.ffb-id-6furkedl .ffb-header-1 *:before,\n.ffb-id-6furkedl .ffb-header-1 *:after,\n.ffb-id-6furkedl .ffb-header-1 *:hover,\n.ffb-id-6furkedl .ffb-header-1 *:focus{ \nfont-family: 'Poppins', Arial, sans-serif !important;\n}\n.ffb-id-6furkedl .ffb-header-1{ \nfont-size: 30px !important;\nfont-weight: bold !important;\n}\n.ffb-id-6furkedl .ffb-header-1 ,\n.ffb-id-6furkedl .ffb-header-1:before,\n.ffb-id-6furkedl .ffb-header-1:after,\n.ffb-id-6furkedl .ffb-header-1:hover,\n.ffb-id-6furkedl .ffb-header-1:focus,\n.ffb-id-6furkedl .ffb-header-1 *,\n.ffb-id-6furkedl .ffb-header-1 *:before,\n.ffb-id-6furkedl .ffb-header-1 *:after,\n.ffb-id-6furkedl .ffb-header-1 *:hover,\n.ffb-id-6furkedl .ffb-header-1 *:focus{ \nfont-size: 30px !important;\nfont-weight: bold !important;\n}\n@media (min-width:992px) { \n.ffb-id-6furkedl .ffb-header-1{ \nfont-size: 40px !important;\n}\n}@media (min-width:992px) { \n.ffb-id-6furkedl .ffb-header-1 ,\n.ffb-id-6furkedl .ffb-header-1:before,\n.ffb-id-6furkedl .ffb-header-1:after,\n.ffb-id-6furkedl .ffb-header-1:hover,\n.ffb-id-6furkedl .ffb-header-1:focus,\n.ffb-id-6furkedl .ffb-header-1 *,\n.ffb-id-6furkedl .ffb-header-1 *:before,\n.ffb-id-6furkedl .ffb-header-1 *:after,\n.ffb-id-6furkedl .ffb-header-1 *:hover,\n.ffb-id-6furkedl .ffb-header-1 *:focus{ \nfont-size: 40px !important;\n}\n}.ffb-id-6furkedl .ffb-paragraph-2 ,\n.ffb-id-6furkedl .ffb-paragraph-2:before,\n.ffb-id-6furkedl .ffb-paragraph-2:after,\n.ffb-id-6furkedl .ffb-paragraph-2 *,\n.ffb-id-6furkedl .ffb-paragraph-2 *:before,\n.ffb-id-6furkedl .ffb-paragraph-2 *:after{ \ncolor: #ffffff !important;\n}\n.ffb-id-6furkedl .ffb-paragraph-2{ \nfont-size: 18px !important;\n}\n.ffb-id-6furkedl .ffb-paragraph-2 ,\n.ffb-id-6furkedl .ffb-paragraph-2:before,\n.ffb-id-6furkedl .ffb-paragraph-2:after,\n.ffb-id-6furkedl .ffb-paragraph-2:hover,\n.ffb-id-6furkedl .ffb-paragraph-2:focus,\n.ffb-id-6furkedl .ffb-paragraph-2 *,\n.ffb-id-6furkedl .ffb-paragraph-2 *:before,\n.ffb-id-6furkedl .ffb-paragraph-2 *:after,\n.ffb-id-6furkedl .ffb-paragraph-2 *:hover,\n.ffb-id-6furkedl .ffb-paragraph-2 *:focus{ \nfont-size: 18px !important;\n}\n@media (min-width:992px) { \n.ffb-id-6furkedl .ffb-paragraph-2{ \nfont-size: 20px !important;\n}\n}@media (min-width:992px) { \n.ffb-id-6furkedl .ffb-paragraph-2 ,\n.ffb-id-6furkedl .ffb-paragraph-2:before,\n.ffb-id-6furkedl .ffb-paragraph-2:after,\n.ffb-id-6furkedl .ffb-paragraph-2:hover,\n.ffb-id-6furkedl .ffb-paragraph-2:focus,\n.ffb-id-6furkedl .ffb-paragraph-2 *,\n.ffb-id-6furkedl .ffb-paragraph-2 *:before,\n.ffb-id-6furkedl .ffb-paragraph-2 *:after,\n.ffb-id-6furkedl .ffb-paragraph-2 *:hover,\n.ffb-id-6furkedl .ffb-paragraph-2 *:focus{ \nfont-size: 20px !important;\n}\n}.ffb-id-6furkedl .ffb-paragraph-3 ,\n.ffb-id-6furkedl .ffb-paragraph-3:before,\n.ffb-id-6furkedl .ffb-paragraph-3:after,\n.ffb-id-6furkedl .ffb-paragraph-3 *,\n.ffb-id-6furkedl .ffb-paragraph-3 *:before,\n.ffb-id-6furkedl .ffb-paragraph-3 *:after{ \ncolor: #ffffff !important;\n}\n.ffb-id-6furkedl .ffb-paragraph-3{ \nfont-size: 18px !important;\n}\n.ffb-id-6furkedl .ffb-paragraph-3 ,\n.ffb-id-6furkedl .ffb-paragraph-3:before,\n.ffb-id-6furkedl .ffb-paragraph-3:after,\n.ffb-id-6furkedl .ffb-paragraph-3:hover,\n.ffb-id-6furkedl .ffb-paragraph-3:focus,\n.ffb-id-6furkedl .ffb-paragraph-3 *,\n.ffb-id-6furkedl .ffb-paragraph-3 *:before,\n.ffb-id-6furkedl .ffb-paragraph-3 *:after,\n.ffb-id-6furkedl .ffb-paragraph-3 *:hover,\n.ffb-id-6furkedl .ffb-paragraph-3 *:focus{ \nfont-size: 18px !important;\n}\n@media (min-width:992px) { \n.ffb-id-6furkedl .ffb-paragraph-3{ \nfont-size: 20px !important;\n}\n}@media (min-width:992px) { \n.ffb-id-6furkedl .ffb-paragraph-3 ,\n.ffb-id-6furkedl .ffb-paragraph-3:before,\n.ffb-id-6furkedl .ffb-paragraph-3:after,\n.ffb-id-6furkedl .ffb-paragraph-3:hover,\n.ffb-id-6furkedl .ffb-paragraph-3:focus,\n.ffb-id-6furkedl .ffb-paragraph-3 *,\n.ffb-id-6furkedl .ffb-paragraph-3 *:before,\n.ffb-id-6furkedl .ffb-paragraph-3 *:after,\n.ffb-id-6furkedl .ffb-paragraph-3 *:hover,\n.ffb-id-6furkedl .ffb-paragraph-3 *:focus{ \nfont-size: 20px !important;\n}\n}.ffb-id-6furkedl{ \nmargin-bottom: 20px;\npadding-top: 30px;\n\n}\n.ffb-id-qiv75t2{ padding-top: 40px;padding-bottom: 40px;}@media (min-width:992px) { .ffb-id-qiv75t2{ padding-top: 80px;padding-bottom: 80px;}}.ffb-id-6fut554e .ffb-paragraph-1 ,.ffb-id-6fut554e .ffb-paragraph-1:before,.ffb-id-6fut554e .ffb-paragraph-1:after,.ffb-id-6fut554e .ffb-paragraph-1 *,.ffb-id-6fut554e .ffb-paragraph-1 *:before,.ffb-id-6fut554e .ffb-paragraph-1 *:after{ color: #3e3f40 !important;}.ffb-id-6fut554e .ffb-paragraph-1{ font-size: 18px !important;}.ffb-id-6fut554e .ffb-paragraph-1 ,.ffb-id-6fut554e .ffb-paragraph-1:before,.ffb-id-6fut554e .ffb-paragraph-1:after,.ffb-id-6fut554e .ffb-paragraph-1:hover,.ffb-id-6fut554e .ffb-paragraph-1:focus,.ffb-id-6fut554e .ffb-paragraph-1 *,.ffb-id-6fut554e .ffb-paragraph-1 *:before,.ffb-id-6fut554e .ffb-paragraph-1 *:after,.ffb-id-6fut554e .ffb-paragraph-1 *:hover,.ffb-id-6fut554e .ffb-paragraph-1 *:focus{ font-size: 18px !important;}@media (min-width:992px) { .ffb-id-6fut554e .ffb-paragraph-1{ font-size: 20px !important;}}@media (min-width:992px) { .ffb-id-6fut554e .ffb-paragraph-1 ,.ffb-id-6fut554e .ffb-paragraph-1:before,.ffb-id-6fut554e .ffb-paragraph-1:after,.ffb-id-6fut554e .ffb-paragraph-1:hover,.ffb-id-6fut554e .ffb-paragraph-1:focus,.ffb-id-6fut554e .ffb-paragraph-1 *,.ffb-id-6fut554e .ffb-paragraph-1 *:before,.ffb-id-6fut554e .ffb-paragraph-1 *:after,.ffb-id-6fut554e .ffb-paragraph-1 *:hover,.ffb-id-6fut554e .ffb-paragraph-1 *:focus{ font-size: 20px !important;}}.ffb-id-6fut554e{ margin-bottom: 20px;padding-top: 30px;padding-right: 20px;padding-left: 20px;}@media (min-width:992px) { .ffb-id-6fut554e{ text-align: left !important;}}@media (min-width:992px) { .ffb-id-6fut554e ,.ffb-id-6fut554e:before,.ffb-id-6fut554e:after,.ffb-id-6fut554e:hover,.ffb-id-6fut554e:focus,.ffb-id-6fut554e *,.ffb-id-6fut554e *:before,.ffb-id-6fut554e *:after,.ffb-id-6fut554e *:hover,.ffb-id-6fut554e *:focus{ text-align: left !important;}}.ffb-id-qiug00h{ padding-top: 80px;padding-bottom: 80px;}<\/style><script type=\"text\/javascript\"><\/script><section class=\"ffb-id-qiudomo fg-section fg-text-light\"><div class=\"fg-container container-fluid fg-container-fluid fg-container-lvl--1 \"><div class=\"fg-row row    fg-row-match-cols\"  data-fg-match-cols=\"{&quot;1&quot;:&quot;0&quot;,&quot;2&quot;:&quot;0&quot;,&quot;3&quot;:&quot;1&quot;,&quot;4&quot;:&quot;1&quot;}\" ><div class=\"ffb-id-qiug00h fg-col col-xs-12 col-lg-6 fg-el-has-bg fg-text-light\"><span class=\"fg-bg\"><span data-fg-bg=\"{&quot;type&quot;:&quot;parallax&quot;,&quot;url&quot;:&quot;https:\\\/\\\/universalpayments.ca\\\/french\\\/wp-content\\\/uploads\\\/2023\\\/02\\\/image6-3.jpg&quot;,&quot;opacity&quot;:&quot;1&quot;,&quot;width&quot;:&quot;1333&quot;,&quot;height&quot;:&quot;1999&quot;,&quot;speed&quot;:&quot;50&quot;,&quot;size&quot;:&quot;cover&quot;,&quot;offset_h&quot;:&quot;50&quot;,&quot;offset_v&quot;:&quot;50&quot;}\" class=\"fg-bg-layer fg-bg-type-parallax \" style=\"opacity: 1; background-image: url(&quot;https:\/\/universalpayments.ca\/french\/wp-content\/uploads\/2023\/02\/image6-3.jpg&quot;);\"><\/span><\/span><div class=\"fg-vcenter-wrapper\"><div class=\"fg-vcenter\"><div class=\"fg-match-column-inside-wrapper\"><\/div><\/div><\/div><\/div><div class=\"ffb-id-qiv75t2 fg-col col-xs-12 col-lg-6 fg-text-dark\"><div class=\"fg-vcenter-wrapper\"><div class=\"fg-vcenter\"><div class=\"fg-match-column-inside-wrapper\"><section class=\"ffb-id-6futgt56 heading-v1 text-center    fg-text-dark\"><p class=\"heading-v1-text-content  fg-text-dark ffb-paragraph-1\" data-fg-wow=\"fadeInUp\" data-wow-duration=\"1s\" data-wow-delay=\"0.1s\">Universal Payments est un fournisseur de paiement priv\u00e9 et exploit\u00e9 situ\u00e9 dans la r\u00e9gion du Grand Toronto. Universal d\u00e9veloppe et g\u00e8re sa propre technologie et s'associe aux meilleurs fournisseurs de services et entreprises pour assurer le succ\u00e8s de nos clients. Nous aidons les commer\u00e7ants \u00e0 travers le Canada \u00e0 trouver des solutions pour leurs besoins de paiement de toutes formes et tailles. Universal Payments est une organisation de vente ind\u00e9pendante (ISO) enregistr\u00e9e aupr\u00e8s de Visa et MasterCard.<br \/>\n<\/p><\/section><\/div><\/div><\/div><\/div><\/div><\/div><\/section><style>.ffb-id-qiv75t2{ \npadding-top: 40px;\npadding-bottom: 40px;\n\n}\n@media (min-width:992px) { \n.ffb-id-qiv75t2{ \npadding-top: 80px;\npadding-bottom: 80px;\n\n}\n}.ffb-id-6fut554e .ffb-paragraph-1 ,\n.ffb-id-6fut554e .ffb-paragraph-1:before,\n.ffb-id-6fut554e .ffb-paragraph-1:after,\n.ffb-id-6fut554e .ffb-paragraph-1 *,\n.ffb-id-6fut554e .ffb-paragraph-1 *:before,\n.ffb-id-6fut554e .ffb-paragraph-1 *:after{ \ncolor: #3e3f40 !important;\n}\n.ffb-id-6fut554e .ffb-paragraph-1{ \nfont-size: 18px !important;\n}\n.ffb-id-6fut554e .ffb-paragraph-1 ,\n.ffb-id-6fut554e .ffb-paragraph-1:before,\n.ffb-id-6fut554e .ffb-paragraph-1:after,\n.ffb-id-6fut554e .ffb-paragraph-1:hover,\n.ffb-id-6fut554e .ffb-paragraph-1:focus,\n.ffb-id-6fut554e .ffb-paragraph-1 *,\n.ffb-id-6fut554e .ffb-paragraph-1 *:before,\n.ffb-id-6fut554e .ffb-paragraph-1 *:after,\n.ffb-id-6fut554e .ffb-paragraph-1 *:hover,\n.ffb-id-6fut554e .ffb-paragraph-1 *:focus{ \nfont-size: 18px !important;\n}\n@media (min-width:992px) { \n.ffb-id-6fut554e .ffb-paragraph-1{ \nfont-size: 20px !important;\n}\n}@media (min-width:992px) { \n.ffb-id-6fut554e .ffb-paragraph-1 ,\n.ffb-id-6fut554e .ffb-paragraph-1:before,\n.ffb-id-6fut554e .ffb-paragraph-1:after,\n.ffb-id-6fut554e .ffb-paragraph-1:hover,\n.ffb-id-6fut554e .ffb-paragraph-1:focus,\n.ffb-id-6fut554e .ffb-paragraph-1 *,\n.ffb-id-6fut554e .ffb-paragraph-1 *:before,\n.ffb-id-6fut554e .ffb-paragraph-1 *:after,\n.ffb-id-6fut554e .ffb-paragraph-1 *:hover,\n.ffb-id-6fut554e .ffb-paragraph-1 *:focus{ \nfont-size: 20px !important;\n}\n}.ffb-id-6fut554e{ \nmargin-bottom: 20px;\npadding-top: 30px;\npadding-right: 20px;\npadding-left: 20px;\n\n}\n@media (min-width:992px) { \n.ffb-id-6fut554e{ \ntext-align: left !important;\n}\n}@media (min-width:992px) { \n.ffb-id-6fut554e ,\n.ffb-id-6fut554e:before,\n.ffb-id-6fut554e:after,\n.ffb-id-6fut554e:hover,\n.ffb-id-6fut554e:focus,\n.ffb-id-6fut554e *,\n.ffb-id-6fut554e *:before,\n.ffb-id-6fut554e *:after,\n.ffb-id-6fut554e *:hover,\n.ffb-id-6fut554e *:focus{ \ntext-align: left !important;\n}\n}.ffb-id-qiug00h{ \npadding-top: 80px;\npadding-bottom: 80px;\n\n}\n.ffb-id-6futgt56 .ffb-paragraph-1 ,.ffb-id-6futgt56 .ffb-paragraph-1:before,.ffb-id-6futgt56 .ffb-paragraph-1:after,.ffb-id-6futgt56 .ffb-paragraph-1 *,.ffb-id-6futgt56 .ffb-paragraph-1 *:before,.ffb-id-6futgt56 .ffb-paragraph-1 *:after{ color: #3e3f40 !important;}.ffb-id-6futgt56 .ffb-paragraph-1{ font-size: 18px !important;}.ffb-id-6futgt56 .ffb-paragraph-1 ,.ffb-id-6futgt56 .ffb-paragraph-1:before,.ffb-id-6futgt56 .ffb-paragraph-1:after,.ffb-id-6futgt56 .ffb-paragraph-1:hover,.ffb-id-6futgt56 .ffb-paragraph-1:focus,.ffb-id-6futgt56 .ffb-paragraph-1 *,.ffb-id-6futgt56 .ffb-paragraph-1 *:before,.ffb-id-6futgt56 .ffb-paragraph-1 *:after,.ffb-id-6futgt56 .ffb-paragraph-1 *:hover,.ffb-id-6futgt56 .ffb-paragraph-1 *:focus{ font-size: 18px !important;}@media (min-width:992px) { .ffb-id-6futgt56 .ffb-paragraph-1{ font-size: 20px !important;}}@media (min-width:992px) { .ffb-id-6futgt56 .ffb-paragraph-1 ,.ffb-id-6futgt56 .ffb-paragraph-1:before,.ffb-id-6futgt56 .ffb-paragraph-1:after,.ffb-id-6futgt56 .ffb-paragraph-1:hover,.ffb-id-6futgt56 .ffb-paragraph-1:focus,.ffb-id-6futgt56 .ffb-paragraph-1 *,.ffb-id-6futgt56 .ffb-paragraph-1 *:before,.ffb-id-6futgt56 .ffb-paragraph-1 *:after,.ffb-id-6futgt56 .ffb-paragraph-1 *:hover,.ffb-id-6futgt56 .ffb-paragraph-1 *:focus{ font-size: 20px !important;}}.ffb-id-6futgt56{ margin-bottom: 20px;padding-top: 30px;padding-right: 20px;padding-left: 20px;}@media (min-width:992px) { .ffb-id-6futgt56{ text-align: left !important;}}@media (min-width:992px) { .ffb-id-6futgt56 ,.ffb-id-6futgt56:before,.ffb-id-6futgt56:after,.ffb-id-6futgt56:hover,.ffb-id-6futgt56:focus,.ffb-id-6futgt56 *,.ffb-id-6futgt56 *:before,.ffb-id-6futgt56 *:after,.ffb-id-6futgt56 *:hover,.ffb-id-6futgt56 *:focus{ text-align: left !important;}}<\/style><script type=\"text\/javascript\"><\/script><\/p>\n","protected":false},"excerpt":{"rendered":"","protected":false},"author":1,"featured_media":0,"parent":0,"menu_order":0,"comment_status":"closed","ping_status":"closed","template":"","meta":{"footnotes":""},"class_list":["post-290","page","type-page","status-publish","hentry","post-wrapper"],"_links":{"self":[{"href":"https:\/\/universalpayments.ca\/french\/wp-json\/wp\/v2\/pages\/290","targetHints":{"allow":["GET"]}}],"collection":[{"href":"https:\/\/universalpayments.ca\/french\/wp-json\/wp\/v2\/pages"}],"about":[{"href":"https:\/\/universalpayments.ca\/french\/wp-json\/wp\/v2\/types\/page"}],"author":[{"embeddable":true,"href":"https:\/\/universalpayments.ca\/french\/wp-json\/wp\/v2\/users\/1"}],"replies":[{"embeddable":true,"href":"https:\/\/universalpayments.ca\/french\/wp-json\/wp\/v2\/comments?post=290"}],"version-history":[{"count":10,"href":"https:\/\/universalpayments.ca\/french\/wp-json\/wp\/v2\/pages\/290\/revisions"}],"predecessor-version":[{"id":3124,"href":"https:\/\/universalpayments.ca\/french\/wp-json\/wp\/v2\/pages\/290\/revisions\/3124"}],"wp:attachment":[{"href":"https:\/\/universalpayments.ca\/french\/wp-json\/wp\/v2\/media?parent=290"}],"curies":[{"name":"wp","href":"https:\/\/api.w.org\/{rel}","templated":true}]}}