{"id":2551,"date":"2023-02-08T10:18:10","date_gmt":"2023-02-08T15:18:10","guid":{"rendered":"https:\/\/universalpayments.ca\/french\/?page_id=2551"},"modified":"2023-05-01T09:00:35","modified_gmt":"2023-05-01T13:00:35","slug":"counter-service-retail-solution","status":"publish","type":"page","link":"https:\/\/universalpayments.ca\/french\/counter-service-retail-solution\/","title":{"rendered":"Service au comptoir et solution de vente au d\u00e9tail"},"content":{"rendered":"<section class=\"ffb-id-6gm6qcpm fg-section buildfuad fg-text-dark\"><div class=\"fg-container container-fluid fg-container-fluid fg-container-lvl--1 \"><div class=\"fg-row row    \" ><div class=\"ffb-id-6gm6vikr fg-col col-xs-12 col-md-7 fg-el-has-bg hidden-xs hidden-sm fg-text-dark\"><span class=\"fg-bg\"><span data-fg-bg=\"{&quot;type&quot;:&quot;color&quot;,&quot;opacity&quot;:1,&quot;color&quot;:&quot;#434343&quot;}\" class=\"fg-bg-layer fg-bg-type-color \" style=\"opacity: 1; background-color: #434343;\"><\/span><\/span><img decoding=\"async\" class=\"ffb-id-6gm6vtvb fg-image  img-responsive full-width fg-text-dark\" src=\"https:\/\/universalpayments.ca\/french\/wp-content\/uploads\/freshizer\/88d8b62365252b6e15de0d47a8c1960e_image17-700-700-c-100.jpg\" alt=\"image17\"><\/div><div class=\"ffb-id-6gm6qcpn fg-col col-xs-12 col-md-5 buildfuadcol fg-text-dark\"><p class=\"ffb-id-6j0htr8f fg-paragraph text-left    fg-text-dark\"><\/p>\n<h3><strong>Description\u00a0: <\/strong><\/p>\n<p>La solution Counter Service &amp; Retail a \u00e9t\u00e9 d\u00e9velopp\u00e9e pour les petites et moyennes entreprises. Cette solution peut g\u00e9rer un menu de restaurant avec de nombreux modificateurs et commandes \u00e0 emporter.<\/p>\n<p>\nIl peut \u00e9galement g\u00e9rer votre inventaire, vos employ\u00e9s et un tableau de bord complet pour surveiller vos ventes en temps r\u00e9el depuis n'importe o\u00f9 sur la plan\u00e8te. <\/p>\n<p><\/p><script class=\"ffb-id-6gqs7a92\" type=\"text\/javascript\">function switch_div(show) {  \n  document.getElementById(\"show_\"+show).style.display = \"block\";\n  document.getElementById(\"show_\"+((show==1)?2:1)).style.display = \"none\";\n} <\/script><div class=\"ffb-id-6gr5ngku fg-row row     fg-text-dark\"><div class=\"ffb-id-6gr5nm33 fg-col col-xs-12 col-md-6 fg-text-dark\"><div class=\"ffb-id-6gr5slqe fg-wrapper serbox fg-text-dark\" style=\"cursor: pointer;\" onclick=\"switch_div(1);\"><img decoding=\"async\" class=\"ffb-id-6gr5nm37 fg-image  img-responsive fg-text-dark\" src=\"https:\/\/universalpayments.ca\/french\/wp-content\/uploads\/2023\/05\/bc8ccfe-Mini_3_Right.png\" alt=\"bc8ccfe-Mini_3_Right\"><h4 class=\"ffb-id-6gr5nm38 fg-heading text-center    fg-text-dark\">Option 1: Clover Mini<\/h4><\/div><\/div><div class=\"ffb-id-6gr6opl4 fg-col col-xs-12 col-md-6 fg-text-dark\"><div class=\"ffb-id-6gr6opl5 fg-wrapper serbox fg-text-dark\" style=\"cursor: pointer;\" onclick=\"switch_div(2);\"><img decoding=\"async\" class=\"ffb-id-6gr6opl8 fg-image  img-responsive fg-text-dark\" src=\"https:\/\/universalpayments.ca\/french\/wp-content\/uploads\/2023\/02\/poynt.jpg\" alt=\"poynt\"><h4 class=\"ffb-id-6gr6opl9 fg-heading text-center    fg-text-dark\">Option 2: Poynt<\/h4><\/div><\/div><\/div><section class=\"ffb-id-6gog016l heading-v1 text-left    fuadhide fg-text-dark\" id=\"show_1\"><h2 class=\"heading-v1-Section fg-text-dark ffb-header-1\">S\u00e9lectionnez une version Clover Mini ci-dessous<\/h2><p class=\"heading-v1-text-content heading-v1-text fg-text-dark ffb-paragraph-2\">[stm-calc id=\"2948\"]<\/p><p class=\"heading-v1-text-content  fg-text-dark ffb-paragraph-3\">*Les tarifs vous seront communiqu\u00e9s lorsque vous contacterez notre \u00e9quipe commerciale.<br \/>\n** Plans de paiement disponibles. Des options de location ou d'achat d'appareils sont disponibles.<\/p><\/section><section class=\"ffb-id-6grrdh41 heading-v1 text-left    fuadhide fg-text-dark\" id=\"show_2\"><h2 class=\"heading-v1-Section fg-text-dark ffb-header-1\">S\u00e9lectionnez une version de Poynt ci-dessous<\/h2><p class=\"heading-v1-text-content  fg-text-dark ffb-paragraph-2\">[stm-calc id=\"2951\"]<\/p><p class=\"heading-v1-text-content  fg-text-dark ffb-paragraph-3\">*Les tarifs vous seront communiqu\u00e9s lorsque vous contacterez notre \u00e9quipe commerciale.<br \/>\n** Plans de paiement disponibles. Des options de location ou d'achat d'appareils sont disponibles.<\/p><\/section><div class=\"ffb-id-6j0i0rrn ffg-empty-space fg-text-dark\"><\/div><\/div><\/div><\/div><\/section><style>.ffb-id-6j0i0rrn{ height: 100px;}.ffb-id-6grrdh41 .ffb-header-1{ font-size: 16px !important;font-weight: bold !important;}.ffb-id-6grrdh41 .ffb-header-1 ,.ffb-id-6grrdh41 .ffb-header-1:before,.ffb-id-6grrdh41 .ffb-header-1:after,.ffb-id-6grrdh41 .ffb-header-1:hover,.ffb-id-6grrdh41 .ffb-header-1:focus,.ffb-id-6grrdh41 .ffb-header-1 *,.ffb-id-6grrdh41 .ffb-header-1 *:before,.ffb-id-6grrdh41 .ffb-header-1 *:after,.ffb-id-6grrdh41 .ffb-header-1 *:hover,.ffb-id-6grrdh41 .ffb-header-1 *:focus{ font-size: 16px !important;font-weight: bold !important;}@media (min-width:992px) { .ffb-id-6grrdh41 .ffb-header-1{ font-size: 17px !important;}}@media (min-width:992px) { .ffb-id-6grrdh41 .ffb-header-1 ,.ffb-id-6grrdh41 .ffb-header-1:before,.ffb-id-6grrdh41 .ffb-header-1:after,.ffb-id-6grrdh41 .ffb-header-1:hover,.ffb-id-6grrdh41 .ffb-header-1:focus,.ffb-id-6grrdh41 .ffb-header-1 *,.ffb-id-6grrdh41 .ffb-header-1 *:before,.ffb-id-6grrdh41 .ffb-header-1 *:after,.ffb-id-6grrdh41 .ffb-header-1 *:hover,.ffb-id-6grrdh41 .ffb-header-1 *:focus{ font-size: 17px !important;}}.ffb-id-6grrdh41{ margin-bottom: 20px;padding-top: 20px;}@media (min-width:992px) { .ffb-id-6grrdh41{ padding-top: 30px;}}.ffb-id-6gog016l .ffb-header-1{ font-size: 16px !important;font-weight: bold !important;}.ffb-id-6gog016l .ffb-header-1 ,.ffb-id-6gog016l .ffb-header-1:before,.ffb-id-6gog016l .ffb-header-1:after,.ffb-id-6gog016l .ffb-header-1:hover,.ffb-id-6gog016l .ffb-header-1:focus,.ffb-id-6gog016l .ffb-header-1 *,.ffb-id-6gog016l .ffb-header-1 *:before,.ffb-id-6gog016l .ffb-header-1 *:after,.ffb-id-6gog016l .ffb-header-1 *:hover,.ffb-id-6gog016l .ffb-header-1 *:focus{ font-size: 16px !important;font-weight: bold !important;}@media (min-width:992px) { .ffb-id-6gog016l .ffb-header-1{ font-size: 17px !important;}}@media (min-width:992px) { .ffb-id-6gog016l .ffb-header-1 ,.ffb-id-6gog016l .ffb-header-1:before,.ffb-id-6gog016l .ffb-header-1:after,.ffb-id-6gog016l .ffb-header-1:hover,.ffb-id-6gog016l .ffb-header-1:focus,.ffb-id-6gog016l .ffb-header-1 *,.ffb-id-6gog016l .ffb-header-1 *:before,.ffb-id-6gog016l .ffb-header-1 *:after,.ffb-id-6gog016l .ffb-header-1 *:hover,.ffb-id-6gog016l .ffb-header-1 *:focus{ font-size: 17px !important;}}.ffb-id-6gog016l{ margin-bottom: 20px;padding-top: 20px;}@media (min-width:992px) { .ffb-id-6gog016l{ padding-top: 30px;}}.ffb-id-6gr6opl9{ margin-bottom: 10px;padding-top: 15px;}.ffb-id-6gr6opl9 ,.ffb-id-6gr6opl9:before,.ffb-id-6gr6opl9:after,.ffb-id-6gr6opl9 *,.ffb-id-6gr6opl9 *:before,.ffb-id-6gr6opl9 *:after{ color: #2a5c8a !important;}.ffb-id-6gr6opl9{ font-weight: bold !important;}.ffb-id-6gr6opl9 ,.ffb-id-6gr6opl9:before,.ffb-id-6gr6opl9:after,.ffb-id-6gr6opl9:hover,.ffb-id-6gr6opl9:focus,.ffb-id-6gr6opl9 *,.ffb-id-6gr6opl9 *:before,.ffb-id-6gr6opl9 *:after,.ffb-id-6gr6opl9 *:hover,.ffb-id-6gr6opl9 *:focus{ font-weight: bold !important;}.ffb-id-6gr5nm38{ margin-bottom: 10px;padding-top: 15px;}.ffb-id-6gr5nm38 ,.ffb-id-6gr5nm38:before,.ffb-id-6gr5nm38:after,.ffb-id-6gr5nm38 *,.ffb-id-6gr5nm38 *:before,.ffb-id-6gr5nm38 *:after{ color: #2a5c8a !important;}.ffb-id-6gr5nm38{ font-weight: bold !important;}.ffb-id-6gr5nm38 ,.ffb-id-6gr5nm38:before,.ffb-id-6gr5nm38:after,.ffb-id-6gr5nm38:hover,.ffb-id-6gr5nm38:focus,.ffb-id-6gr5nm38 *,.ffb-id-6gr5nm38 *:before,.ffb-id-6gr5nm38 *:after,.ffb-id-6gr5nm38 *:hover,.ffb-id-6gr5nm38 *:focus{ font-weight: bold !important;}<\/style><script type=\"text\/javascript\"><\/script>\n","protected":false},"excerpt":{"rendered":"","protected":false},"author":1,"featured_media":0,"parent":0,"menu_order":0,"comment_status":"closed","ping_status":"closed","template":"","meta":{"footnotes":""},"class_list":["post-2551","page","type-page","status-publish","hentry","post-wrapper"],"_links":{"self":[{"href":"https:\/\/universalpayments.ca\/french\/wp-json\/wp\/v2\/pages\/2551","targetHints":{"allow":["GET"]}}],"collection":[{"href":"https:\/\/universalpayments.ca\/french\/wp-json\/wp\/v2\/pages"}],"about":[{"href":"https:\/\/universalpayments.ca\/french\/wp-json\/wp\/v2\/types\/page"}],"author":[{"embeddable":true,"href":"https:\/\/universalpayments.ca\/french\/wp-json\/wp\/v2\/users\/1"}],"replies":[{"embeddable":true,"href":"https:\/\/universalpayments.ca\/french\/wp-json\/wp\/v2\/comments?post=2551"}],"version-history":[{"count":10,"href":"https:\/\/universalpayments.ca\/french\/wp-json\/wp\/v2\/pages\/2551\/revisions"}],"predecessor-version":[{"id":4107,"href":"https:\/\/universalpayments.ca\/french\/wp-json\/wp\/v2\/pages\/2551\/revisions\/4107"}],"wp:attachment":[{"href":"https:\/\/universalpayments.ca\/french\/wp-json\/wp\/v2\/media?parent=2551"}],"curies":[{"name":"wp","href":"https:\/\/api.w.org\/{rel}","templated":true}]}}