{"id":2412,"date":"2023-02-07T06:42:24","date_gmt":"2023-02-07T11:42:24","guid":{"rendered":"https:\/\/universalpayments.ca\/french\/?page_id=2412"},"modified":"2023-05-01T08:48:05","modified_gmt":"2023-05-01T12:48:05","slug":"e-commerce","status":"publish","type":"page","link":"https:\/\/universalpayments.ca\/french\/e-commerce\/","title":{"rendered":"commerce \u00e9lectronique"},"content":{"rendered":"<section class=\"ffb-id-6gm6qcpm fg-section buildfuad fg-text-dark\"><div class=\"fg-container container-fluid fg-container-fluid fg-container-lvl--1 \"><div class=\"fg-row row    \" ><div class=\"ffb-id-6gm6vikr fg-col col-xs-12 col-md-7 fg-el-has-bg hidden-xs hidden-sm fg-text-dark\"><span class=\"fg-bg\"><span data-fg-bg=\"{&quot;type&quot;:&quot;color&quot;,&quot;opacity&quot;:1,&quot;color&quot;:&quot;#434343&quot;}\" class=\"fg-bg-layer fg-bg-type-color \" style=\"opacity: 1; background-color: #434343;\"><\/span><\/span><img decoding=\"async\" class=\"ffb-id-6hsiu6g8 fg-image  img-responsive full-width fg-text-dark\" srcset=\"https:\/\/universalpayments.ca\/french\/wp-content\/uploads\/freshizer\/f41dc7f57289892dc12995f4e7666cbd_image1-1999-1999-c-100.jpg 1999w, https:\/\/universalpayments.ca\/french\/wp-content\/uploads\/freshizer\/8978d5ef47d54c5e5be2c55509302709_f41dc7f57289892dc12995f4e7666cbd_image1-1999-1999-c-100-320-c-100.jpg 320w, https:\/\/universalpayments.ca\/french\/wp-content\/uploads\/freshizer\/8978d5ef47d54c5e5be2c55509302709_f41dc7f57289892dc12995f4e7666cbd_image1-1999-1999-c-100-768-c-100.jpg 768w, https:\/\/universalpayments.ca\/french\/wp-content\/uploads\/freshizer\/8978d5ef47d54c5e5be2c55509302709_f41dc7f57289892dc12995f4e7666cbd_image1-1999-1999-c-100-992-c-100.jpg 992w, https:\/\/universalpayments.ca\/french\/wp-content\/uploads\/freshizer\/8978d5ef47d54c5e5be2c55509302709_f41dc7f57289892dc12995f4e7666cbd_image1-1999-1999-c-100-1200-c-100.jpg 1200w\" sizes=\"(max-width: 1999px) 100vw, 1999px\" src=\"https:\/\/universalpayments.ca\/french\/wp-content\/uploads\/freshizer\/f41dc7f57289892dc12995f4e7666cbd_image1-1999-1999-c-100.jpg\" alt=\"image1\"><\/div><div class=\"ffb-id-6gm6qcpn fg-col col-xs-12 col-md-5 buildfuadcol fg-text-dark\"><img decoding=\"async\" class=\"ffb-id-6gm6vtvb fg-image  img-responsive full-width hidden-md hidden-lg fg-text-dark\" srcset=\"https:\/\/universalpayments.ca\/french\/wp-content\/uploads\/freshizer\/f41dc7f57289892dc12995f4e7666cbd_image1-1999-1999-c-100.jpg 1999w, https:\/\/universalpayments.ca\/french\/wp-content\/uploads\/freshizer\/8978d5ef47d54c5e5be2c55509302709_f41dc7f57289892dc12995f4e7666cbd_image1-1999-1999-c-100-320-c-100.jpg 320w, https:\/\/universalpayments.ca\/french\/wp-content\/uploads\/freshizer\/8978d5ef47d54c5e5be2c55509302709_f41dc7f57289892dc12995f4e7666cbd_image1-1999-1999-c-100-768-c-100.jpg 768w, https:\/\/universalpayments.ca\/french\/wp-content\/uploads\/freshizer\/8978d5ef47d54c5e5be2c55509302709_f41dc7f57289892dc12995f4e7666cbd_image1-1999-1999-c-100-992-c-100.jpg 992w, https:\/\/universalpayments.ca\/french\/wp-content\/uploads\/freshizer\/8978d5ef47d54c5e5be2c55509302709_f41dc7f57289892dc12995f4e7666cbd_image1-1999-1999-c-100-1200-c-100.jpg 1200w\" sizes=\"(max-width: 1999px) 100vw, 1999px\" src=\"https:\/\/universalpayments.ca\/french\/wp-content\/uploads\/freshizer\/f41dc7f57289892dc12995f4e7666cbd_image1-1999-1999-c-100.jpg\" alt=\"image1\"><p class=\"ffb-id-6gofpm3n fg-paragraph text-left    fg-text-dark\">Compte Clover eCommerce uniquement, qui comprend tout ce qui est fourni dans l'offre Virtual Terminal &amp; Mobile. Int\u00e9grez Clover \u00e0 votre site Web existant ou laissez-nous vous aider \u00e0 en cr\u00e9er un nouveau. Vous pouvez tout g\u00e9rer en un seul endroit via le tableau de bord Clover\u00ae.<br \/>\n<\/p><section class=\"ffb-id-6gog016l heading-v1 text-left    fg-text-dark\"><p class=\"heading-v1-text-content  fg-text-dark ffb-paragraph-1\">Clover utilise diff\u00e9rentes m\u00e9thodes pour votre panier :<br \/>\n<\/p><h2 class=\"heading-v1-Section fg-text-dark ffb-header-2\">S\u00e9lectionnez une option :<br \/>\n<\/h2><p class=\"heading-v1-text-content  fg-text-dark ffb-paragraph-3\">[stm-calc id=\"3410\"]<\/p><p class=\"heading-v1-text-content  fg-text-dark ffb-paragraph-4\"><\/p>\n<div class=\"panel-footer\">\n*Les tarifs vous seront communiqu\u00e9s lorsque vous contacterez notre \u00e9quipe commerciale.<br \/>\n** Plans de paiement disponibles. Des options de location ou d'achat d'appareils sont disponibles.<\/div>\n<p><\/p><\/section><div class=\"ffb-id-6j0ftti4 ffg-empty-space fg-text-dark\"><\/div><\/div><\/div><\/div><\/section><style>.ffb-id-6j0ftti4{ height: 100px;}.ffb-id-6gog016l .ffb-paragraph-1{ font-size: 15px !important;}.ffb-id-6gog016l .ffb-paragraph-1 ,.ffb-id-6gog016l .ffb-paragraph-1:before,.ffb-id-6gog016l .ffb-paragraph-1:after,.ffb-id-6gog016l .ffb-paragraph-1:hover,.ffb-id-6gog016l .ffb-paragraph-1:focus,.ffb-id-6gog016l .ffb-paragraph-1 *,.ffb-id-6gog016l .ffb-paragraph-1 *:before,.ffb-id-6gog016l .ffb-paragraph-1 *:after,.ffb-id-6gog016l .ffb-paragraph-1 *:hover,.ffb-id-6gog016l .ffb-paragraph-1 *:focus{ font-size: 15px !important;}.ffb-id-6gog016l .ffb-header-2{ font-size: 16px !important;font-weight: bold !important;}.ffb-id-6gog016l .ffb-header-2 ,.ffb-id-6gog016l .ffb-header-2:before,.ffb-id-6gog016l .ffb-header-2:after,.ffb-id-6gog016l .ffb-header-2:hover,.ffb-id-6gog016l .ffb-header-2:focus,.ffb-id-6gog016l .ffb-header-2 *,.ffb-id-6gog016l .ffb-header-2 *:before,.ffb-id-6gog016l .ffb-header-2 *:after,.ffb-id-6gog016l .ffb-header-2 *:hover,.ffb-id-6gog016l .ffb-header-2 *:focus{ font-size: 16px !important;font-weight: bold !important;}.ffb-id-6gog016l{ margin-bottom: 20px;padding-top: 20px;}.ffb-id-6gofpm3n ,.ffb-id-6gofpm3n:before,.ffb-id-6gofpm3n:after,.ffb-id-6gofpm3n *,.ffb-id-6gofpm3n *:before,.ffb-id-6gofpm3n *:after{ color: #434343 !important;}.ffb-id-6gofpm3n{ font-size: 15px !important;}.ffb-id-6gofpm3n ,.ffb-id-6gofpm3n:before,.ffb-id-6gofpm3n:after,.ffb-id-6gofpm3n:hover,.ffb-id-6gofpm3n:focus,.ffb-id-6gofpm3n *,.ffb-id-6gofpm3n *:before,.ffb-id-6gofpm3n *:after,.ffb-id-6gofpm3n *:hover,.ffb-id-6gofpm3n *:focus{ font-size: 15px !important;}<\/style><script type=\"text\/javascript\"><\/script>\n","protected":false},"excerpt":{"rendered":"","protected":false},"author":1,"featured_media":0,"parent":0,"menu_order":0,"comment_status":"closed","ping_status":"closed","template":"","meta":{"footnotes":""},"class_list":["post-2412","page","type-page","status-publish","hentry","post-wrapper"],"_links":{"self":[{"href":"https:\/\/universalpayments.ca\/french\/wp-json\/wp\/v2\/pages\/2412","targetHints":{"allow":["GET"]}}],"collection":[{"href":"https:\/\/universalpayments.ca\/french\/wp-json\/wp\/v2\/pages"}],"about":[{"href":"https:\/\/universalpayments.ca\/french\/wp-json\/wp\/v2\/types\/page"}],"author":[{"embeddable":true,"href":"https:\/\/universalpayments.ca\/french\/wp-json\/wp\/v2\/users\/1"}],"replies":[{"embeddable":true,"href":"https:\/\/universalpayments.ca\/french\/wp-json\/wp\/v2\/comments?post=2412"}],"version-history":[{"count":10,"href":"https:\/\/universalpayments.ca\/french\/wp-json\/wp\/v2\/pages\/2412\/revisions"}],"predecessor-version":[{"id":4102,"href":"https:\/\/universalpayments.ca\/french\/wp-json\/wp\/v2\/pages\/2412\/revisions\/4102"}],"wp:attachment":[{"href":"https:\/\/universalpayments.ca\/french\/wp-json\/wp\/v2\/media?parent=2412"}],"curies":[{"name":"wp","href":"https:\/\/api.w.org\/{rel}","templated":true}]}}