{"id":2323,"date":"2023-02-06T05:11:06","date_gmt":"2023-02-06T10:11:06","guid":{"rendered":"https:\/\/universalpayments.ca\/french\/?page_id=2323"},"modified":"2023-05-01T08:30:56","modified_gmt":"2023-05-01T12:30:56","slug":"mobile-go-virtual-terminal-vt","status":"publish","type":"page","link":"https:\/\/universalpayments.ca\/french\/mobile-go-virtual-terminal-vt\/","title":{"rendered":"Mobile Go et terminal virtuel (VT)"},"content":{"rendered":"<section class=\"ffb-id-6gm6qcpm fg-section buildfuad fg-text-dark\"><div class=\"fg-container container-fluid fg-container-fluid fg-container-lvl--1 \"><div class=\"fg-row row    \" ><div class=\"ffb-id-6gm6vikr fg-col col-xs-12 col-md-7 fg-el-has-bg hidden-xs hidden-sm fg-text-dark\"><span class=\"fg-bg\"><span data-fg-bg=\"{&quot;type&quot;:&quot;color&quot;,&quot;opacity&quot;:1,&quot;color&quot;:&quot;#434343&quot;}\" class=\"fg-bg-layer fg-bg-type-color \" style=\"opacity: 1; background-color: #434343;\"><\/span><\/span><img decoding=\"async\" class=\"ffb-id-6hsipjf0 fg-image  img-responsive fg-text-dark\" srcset=\"https:\/\/universalpayments.ca\/french\/wp-content\/uploads\/2023\/02\/virtual-terminal.png 1072w, https:\/\/universalpayments.ca\/french\/wp-content\/uploads\/freshizer\/4b2e0827c0e0658305b3bf751a18b7d9_virtual-terminal-320-c-100.png 320w, https:\/\/universalpayments.ca\/french\/wp-content\/uploads\/freshizer\/4b2e0827c0e0658305b3bf751a18b7d9_virtual-terminal-768-c-100.png 768w, https:\/\/universalpayments.ca\/french\/wp-content\/uploads\/freshizer\/4b2e0827c0e0658305b3bf751a18b7d9_virtual-terminal-992-c-100.png 992w\" sizes=\"(max-width: 1072px) 100vw, 1072px\" src=\"https:\/\/universalpayments.ca\/french\/wp-content\/uploads\/2023\/02\/virtual-terminal.png\" alt=\"virtual-terminal\"><\/div><div class=\"ffb-id-6gm6qcpn fg-col col-xs-12 col-md-5 buildfuadcol fg-text-dark\"><img decoding=\"async\" class=\"ffb-id-6gm6vtvb fg-image  img-responsive hidden-md hidden-lg fg-text-dark\" srcset=\"https:\/\/universalpayments.ca\/french\/wp-content\/uploads\/2023\/02\/virtual-terminal.png 1072w, https:\/\/universalpayments.ca\/french\/wp-content\/uploads\/freshizer\/4b2e0827c0e0658305b3bf751a18b7d9_virtual-terminal-320-c-100.png 320w, https:\/\/universalpayments.ca\/french\/wp-content\/uploads\/freshizer\/4b2e0827c0e0658305b3bf751a18b7d9_virtual-terminal-768-c-100.png 768w, https:\/\/universalpayments.ca\/french\/wp-content\/uploads\/freshizer\/4b2e0827c0e0658305b3bf751a18b7d9_virtual-terminal-992-c-100.png 992w\" sizes=\"(max-width: 1072px) 100vw, 1072px\" src=\"https:\/\/universalpayments.ca\/french\/wp-content\/uploads\/2023\/02\/virtual-terminal.png\" alt=\"virtual-terminal\"><p class=\"ffb-id-6gofpm3n fg-paragraph text-left    fg-text-dark\">Le compte Clover Mobile &amp; VT est uniquement fourni avec le tableau de bord Clover avec une comptabilit\u00e9 compl\u00e8te des transactions en ligne, des relev\u00e9s et des transactions en temps r\u00e9el. Mobile Go fonctionne sur Android et iOS. Un bonus suppl\u00e9mentaire est le module Clover E-Invoicing qui vous permet de facturer \u00e9lectroniquement vos clients et ils paient en ligne. Sont \u00e9galement incluses une vari\u00e9t\u00e9 d'applications Clover qui peuvent aider votre entreprise de plusieurs fa\u00e7ons. Toutes les fonctionnalit\u00e9s suppl\u00e9mentaires sont incluses sans frais suppl\u00e9mentaires.<br \/>\n<\/p><div class=\"ffb-id-6goft9om ff-slider slide carousel-fade fg-text-light\" id=\"6goft9om\" data-ride=\"carousel\" data-slider=\"{&quot;auto&quot;:true,&quot;hover&quot;:false,&quot;loop&quot;:true,&quot;speed&quot;:&quot;5000&quot;}\"><div class=\"carousel-inner\" role=\"listbox\"><div class=\"item  fg-text-light ffb-one-slide-1\"><img decoding=\"async\"  srcset=\"https:\/\/universalpayments.ca\/french\/wp-content\/uploads\/2023\/02\/image6-1.jpg 825w, https:\/\/universalpayments.ca\/french\/wp-content\/uploads\/freshizer\/5d6c87e14c38312155277dfcf7e955ae_image6-1-320-c-100.jpg 320w, https:\/\/universalpayments.ca\/french\/wp-content\/uploads\/freshizer\/5d6c87e14c38312155277dfcf7e955ae_image6-1-768-c-100.jpg 768w\"  sizes=\"(max-width: 825px) 100vw, 825px\"  class=\"fg-image  img-responsive\"  src=\"https:\/\/universalpayments.ca\/french\/wp-content\/uploads\/2023\/02\/image6-1.jpg\"  alt=\"image6\"  title=\"\"   =\"\" ><\/div><div class=\"item  fg-text-light ffb-one-slide-2\"><img decoding=\"async\"  srcset=\"https:\/\/universalpayments.ca\/french\/wp-content\/uploads\/2023\/02\/image12.jpg 825w, https:\/\/universalpayments.ca\/french\/wp-content\/uploads\/freshizer\/cddce96d686ee354b8a967d4b4d52098_image12-320-c-100.jpg 320w, https:\/\/universalpayments.ca\/french\/wp-content\/uploads\/freshizer\/cddce96d686ee354b8a967d4b4d52098_image12-768-c-100.jpg 768w\"  sizes=\"(max-width: 825px) 100vw, 825px\"  class=\"fg-image  img-responsive\"  src=\"https:\/\/universalpayments.ca\/french\/wp-content\/uploads\/2023\/02\/image12.jpg\"  alt=\"image12\"  title=\"\"   =\"\" ><\/div><\/div><a class=\"left carousel-control theme-carousel-control-v1 radius-3\" href=\"#6goft9om\" role=\"button\" data-slide=\"prev\"><span class=\"carousel-control-arrows-v1 radius-3 ff-font-awesome4 icon-angle-left\" aria-hidden=\"true\"><\/span><\/a><a class=\"right carousel-control theme-carousel-control-v1 radius-3\" href=\"#6goft9om\" role=\"button\" data-slide=\"next\"><span class=\"carousel-control-arrows-v1 radius-3 ff-font-awesome4 icon-angle-right\" aria-hidden=\"true\"><\/span><\/a><\/div><section class=\"ffb-id-6gog016l heading-v1 text-left    fg-text-dark\"><h2 class=\"heading-v1-Section fg-text-dark ffb-header-1\">Terminal virtuel Clover<br \/>\n<\/h2><p class=\"heading-v1-text-content  fg-text-dark ffb-paragraph-2\">Le terminal virtuel vous offre la commodit\u00e9 et la flexibilit\u00e9 d'accepter des paiements et de g\u00e9rer vos remboursements de n'importe o\u00f9 \u00e0 l'aide d'un ordinateur, d'une tablette ou d'un smartphone. Acc\u00e9dez simplement \u00e0 votre tableau de bord Web et vous \u00eates pr\u00eat \u00e0 faire des affaires quand et o\u00f9 que vous soyez.<br \/>\n<\/p><p class=\"heading-v1-text-content  fg-text-dark ffb-paragraph-3\"><\/p>\n<ul>\n<li>Acceptez les paiements par carte de cr&eacute;dit directement sur n'importe quel ordinateur, tablette ou smartphone.<\/li>\n<li>Demandez les paiements des clients par e-mail (facturation &eacute;lectronique) et permettez aux clients de vous payer par carte de cr&eacute;dit en ligne.<\/li>\n<li>G&eacute;rez tous les paiements entrants : commandes en magasin, par courrier ou par t&eacute;l&eacute;phone et factures.<\/li>\n<li>Envoyez des re&ccedil;us num&eacute;riques par e-mail et surveillez toutes les transactions dans un seul tableau de bord.<\/li>\n<li>Stockez en toute s&eacute;curit&eacute; les informations de carte de vos clients r&eacute;guliers pour des transactions plus rapides.<\/li>\n<li>Utilisez les paiements r&eacute;currents pour configurer vos clients avec des paiements programm&eacute;s.<\/li>\n<li>Prot&eacute;gez-vous contre la fraude avec le service de v&eacute;rification d'adresse (AVS) et la valeur de v&eacute;rification de carte (CVV).<\/li>\n<li>Toutes les exigences PCI sont g&eacute;r&eacute;es par Clover.<\/li>\n<li>Les exigences sont g&eacute;r&eacute;es par Clover.<\/li>\n<\/ul>\n<p><\/p><\/section><div class=\"ffb-id-6gogbl28 buttons-el-wrapper text-left    fg-text-dark\"><a href=\"https:\/\/universalpayments.ca\/french\/wp-content\/uploads\/2023\/02\/Clover-Virtual-Terminal-Sales-Sheet.pdf\" target=\"_blank\" class=\"ffb-block-button-1-0 ffb-btn ffb-btn-v4 ffb-btn-link  btn-base-brd-slide btn-slide radius-3 btn-base-xs   btn-w-full fg-text-dark ffb-button4-1\"><i class=\"btn-text btn-base-element-icon margin-r-10 ff-font-awesome4 icon-file-pdf-o\"><\/i><span class=\"btn-text\">Fiche de vente du terminal virtuel Clover<\/span><\/a><\/div><p class=\"ffb-id-6hsidij8 fg-paragraph text-left    fg-text-dark\">\n<div class=\"ccb-main-widget \" id=\"ccb_app_2937\" data-calc-id=\"2937\"><\/div>\n<\/p><p class=\"ffb-id-6j0emi4d fg-paragraph text-left    fg-text-dark\"><\/p>\n<div class=\"panel-footer\">\n*Les tarifs vous seront communiqu\u00e9s lorsque vous contacterez notre \u00e9quipe commerciale.<br \/>\n** Plans de paiement disponibles. Des options de location ou d'achat d'appareils sont disponibles.<\/div>\n<p><\/p><div class=\"ffb-id-6j0emru3 ffg-empty-space fg-text-dark\"><\/div><\/div><\/div><\/div><\/section><style>.ffb-id-6gm6qcpn{ padding-bottom: 100px;}.ffb-id-6j0emru3{ height: 100px;}.ffb-id-6gogbl28 .ffb-button4-1.ffb-block-button-1-0.btn-base-brd-slide{ color:#ffffff;}.ffb-id-6gogbl28 .ffb-button4-1.ffb-block-button-1-0.btn-base-brd-slide:hover{ color:#ffffff;}.ffb-id-6gogbl28 .ffb-button4-1.ffb-block-button-1-0.btn-base-brd-slide i{ color:#ffffff;}.ffb-id-6gogbl28 .ffb-button4-1.ffb-block-button-1-0.btn-base-brd-slide:hover i{ color:#ffffff;}.ffb-id-6gogbl28 .ffb-button4-1.ffb-block-button-1-0.btn-base-brd-slide{ border-color: transparent;}.ffb-id-6gogbl28 .ffb-button4-1.ffb-block-button-1-0.btn-base-brd-slide:hover{ border-color: transparent;}.ffb-id-6gogbl28 .ffb-button4-1.ffb-block-button-1-0.btn-base-brd-slide{ background-color:#3366ff;}.ffb-id-6gogbl28 .ffb-button4-1.ffb-block-button-1-0.btn-base-brd-slide:hover{ background-color:#434343;}.ffb-id-6gog016l .ffb-header-1{ font-size: 16px !important;font-weight: bold !important;}.ffb-id-6gog016l .ffb-header-1 ,.ffb-id-6gog016l .ffb-header-1:before,.ffb-id-6gog016l .ffb-header-1:after,.ffb-id-6gog016l .ffb-header-1:hover,.ffb-id-6gog016l .ffb-header-1:focus,.ffb-id-6gog016l .ffb-header-1 *,.ffb-id-6gog016l .ffb-header-1 *:before,.ffb-id-6gog016l .ffb-header-1 *:after,.ffb-id-6gog016l .ffb-header-1 *:hover,.ffb-id-6gog016l .ffb-header-1 *:focus{ font-size: 16px !important;font-weight: bold !important;}.ffb-id-6gog016l .ffb-paragraph-2{ font-size: 15px !important;}.ffb-id-6gog016l .ffb-paragraph-2 ,.ffb-id-6gog016l .ffb-paragraph-2:before,.ffb-id-6gog016l .ffb-paragraph-2:after,.ffb-id-6gog016l .ffb-paragraph-2:hover,.ffb-id-6gog016l .ffb-paragraph-2:focus,.ffb-id-6gog016l .ffb-paragraph-2 *,.ffb-id-6gog016l .ffb-paragraph-2 *:before,.ffb-id-6gog016l .ffb-paragraph-2 *:after,.ffb-id-6gog016l .ffb-paragraph-2 *:hover,.ffb-id-6gog016l .ffb-paragraph-2 *:focus{ font-size: 15px !important;}.ffb-id-6gog016l{ margin-bottom: 20px;padding-top: 20px;}.ffb-id-6goft9om .ffb-one-slide-1 img{ margin: auto}.ffb-id-6goft9om .ffb-one-slide-2 img{ margin: auto}.ffb-id-6gofpm3n ,.ffb-id-6gofpm3n:before,.ffb-id-6gofpm3n:after,.ffb-id-6gofpm3n *,.ffb-id-6gofpm3n *:before,.ffb-id-6gofpm3n *:after{ color: #434343 !important;}.ffb-id-6gofpm3n{ font-size: 15px !important;}.ffb-id-6gofpm3n ,.ffb-id-6gofpm3n:before,.ffb-id-6gofpm3n:after,.ffb-id-6gofpm3n:hover,.ffb-id-6gofpm3n:focus,.ffb-id-6gofpm3n *,.ffb-id-6gofpm3n *:before,.ffb-id-6gofpm3n *:after,.ffb-id-6gofpm3n *:hover,.ffb-id-6gofpm3n *:focus{ font-size: 15px !important;}<\/style><script type=\"text\/javascript\"><\/script>\n","protected":false},"excerpt":{"rendered":"","protected":false},"author":1,"featured_media":0,"parent":0,"menu_order":0,"comment_status":"closed","ping_status":"closed","template":"","meta":{"footnotes":""},"class_list":["post-2323","page","type-page","status-publish","hentry","post-wrapper"],"_links":{"self":[{"href":"https:\/\/universalpayments.ca\/french\/wp-json\/wp\/v2\/pages\/2323","targetHints":{"allow":["GET"]}}],"collection":[{"href":"https:\/\/universalpayments.ca\/french\/wp-json\/wp\/v2\/pages"}],"about":[{"href":"https:\/\/universalpayments.ca\/french\/wp-json\/wp\/v2\/types\/page"}],"author":[{"embeddable":true,"href":"https:\/\/universalpayments.ca\/french\/wp-json\/wp\/v2\/users\/1"}],"replies":[{"embeddable":true,"href":"https:\/\/universalpayments.ca\/french\/wp-json\/wp\/v2\/comments?post=2323"}],"version-history":[{"count":10,"href":"https:\/\/universalpayments.ca\/french\/wp-json\/wp\/v2\/pages\/2323\/revisions"}],"predecessor-version":[{"id":4101,"href":"https:\/\/universalpayments.ca\/french\/wp-json\/wp\/v2\/pages\/2323\/revisions\/4101"}],"wp:attachment":[{"href":"https:\/\/universalpayments.ca\/french\/wp-json\/wp\/v2\/media?parent=2323"}],"curies":[{"name":"wp","href":"https:\/\/api.w.org\/{rel}","templated":true}]}}