{"id":2287,"date":"2023-02-05T00:48:08","date_gmt":"2023-02-05T05:48:08","guid":{"rendered":"https:\/\/universalpayments.ca\/french\/?page_id=2287"},"modified":"2023-03-07T04:27:58","modified_gmt":"2023-03-07T09:27:58","slug":"build","status":"publish","type":"page","link":"https:\/\/universalpayments.ca\/french\/build\/","title":{"rendered":"Cr\u00e9ez votre propre solution"},"content":{"rendered":"<section class=\"ffb-id-h7mga8q fg-section fg-el-has-bg fg-text-dark\"><span class=\"fg-bg\"><span data-fg-bg=\"{&quot;type&quot;:&quot;color&quot;,&quot;opacity&quot;:1,&quot;color&quot;:&quot;#f7f8fa&quot;}\" class=\"fg-bg-layer fg-bg-type-color \" style=\"opacity: 1; background-color: #f7f8fa;\"><\/span><\/span><div class=\"fg-container container fg-container-large fg-container-lvl--1 \"><div class=\"fg-row row    \" ><div class=\"ffb-id-h7ncook fg-col col-xs-12 col-sm-6 col-md-4 fg-text-dark\"><section class=\"ffb-id-h7ncoon work-v1 fg-text-dark\"><a href=\"https:\/\/universalpayments.ca\/french\/mobile-go-virtual-terminal-vt\/\" class=\"work-v1-img-gradient fg-text-dark ffb-link\"><div class=\"work-active-bg\"><\/div><img decoding=\"async\"  class=\"fg-image  img-responsive full-width\"  src=\"https:\/\/universalpayments.ca\/french\/wp-content\/uploads\/freshizer\/5d6c87e14c38312155277dfcf7e955ae_image6-1-360-370-c-100.jpg\"  alt=\"image6\"  title=\"\"   =\"\" ><span class=\"work-v1-view btn-white-brd btn-base-sm radius-3\">S\u00e9lectionner<\/span><\/a><div class=\"work-v1-wrap\"><div class=\"work-v1-content fg-text-dark ffb-content\"><h2 class=\"work-v1-title fg-text-dark ffb-title-1\"><a href=\"https:\/\/universalpayments.ca\/french\/mobile-go-virtual-terminal-vt\/\" >Mobile Go et terminal virtuel (VT)<\/a><\/h2><div class=\"work-v1-collapse fg-text-dark ffb-content-2\"><p>Le compte Clover Mobile &amp; VT est uniquement fourni avec le tableau de bord Clover avec une comptabilit\u00e9 compl\u00e8te des transactions en ligne, des relev\u00e9s et des transactions en temps r\u00e9el.<\/p><\/div><\/div><\/div><\/section><\/div><div class=\"ffb-id-6glps3a1 fg-col col-xs-12 col-sm-6 col-md-4 fg-text-dark\"><section class=\"ffb-id-6glq05hq work-v1 fg-text-dark\"><a href=\"https:\/\/universalpayments.ca\/french\/e-commerce\/\" class=\"work-v1-img-gradient fg-text-dark ffb-link\"><div class=\"work-active-bg\"><\/div><img decoding=\"async\"  class=\"fg-image  img-responsive full-width\"  src=\"https:\/\/universalpayments.ca\/french\/wp-content\/uploads\/freshizer\/f41dc7f57289892dc12995f4e7666cbd_image1-360-370-c-100.jpg\"  alt=\"image1\"  title=\"\"   =\"\" ><span class=\"work-v1-view btn-white-brd btn-base-sm radius-3\">S\u00e9lectionner<\/span><\/a><div class=\"work-v1-wrap\"><div class=\"work-v1-content fg-text-dark ffb-content\"><h2 class=\"work-v1-title fg-text-dark ffb-title-1\"><a href=\"https:\/\/universalpayments.ca\/french\/e-commerce\/\" >Commerce \u00e9lectronique<\/a><\/h2><div class=\"work-v1-collapse fg-text-dark ffb-content-2\"><p>Compte Clover eCommerce uniquement, qui comprend tout ce qui est fourni dans l'offre Virtual Terminal &amp; Mobile. Int\u00e9grez Clover \u00e0 votre site Web existant ou laissez-nous vous aider \u00e0 en cr\u00e9er un nouveau.<br \/>\n<\/p><\/div><\/div><\/div><\/section><\/div><div class=\"ffb-id-6glq05hp fg-col col-xs-12 col-sm-6 col-md-4 fg-text-dark\"><section class=\"ffb-id-6glps3a2 work-v1 fg-text-dark\"><a href=\"https:\/\/universalpayments.ca\/french\/starter-package\/\" class=\"work-v1-img-gradient fg-text-dark ffb-link\"><div class=\"work-active-bg\"><\/div><img decoding=\"async\"  class=\"fg-image  img-responsive full-width\"  src=\"https:\/\/universalpayments.ca\/french\/wp-content\/uploads\/freshizer\/853034ad01baf72cc0ca9b9e4491b3d5_image8-360-370-c-100.jpg\"  alt=\"image8\"  title=\"\"   =\"\" ><span class=\"work-v1-view btn-white-brd btn-base-sm radius-3\">S\u00e9lectionner<\/span><\/a><div class=\"work-v1-wrap\"><div class=\"work-v1-content fg-text-dark ffb-content\"><h2 class=\"work-v1-title fg-text-dark ffb-title-1\"><a href=\"https:\/\/universalpayments.ca\/french\/starter-package\/\" >Forfait de d\u00e9marrage<\/a><\/h2><div class=\"work-v1-collapse fg-text-dark ffb-content-2\"><p>Le pack de d\u00e9marrage est parfait pour toute entreprise qui doit commencer \u00e0 accepter tous les types de paiements avec un terminal de point de vente portable simple et rapide.<br \/>\n<\/p><\/div><\/div><\/div><\/section><\/div><div class=\"ffb-id-6glps5hs fg-col col-xs-12 col-md-12 fg-text-dark\"><div class=\"ffb-id-6glptmrr ffg-empty-space fg-text-dark\"><\/div><\/div><div class=\"ffb-id-6glpseip fg-col col-xs-12 col-sm-6 col-md-4 col-md-offset-2 fg-text-dark\"><section class=\"ffb-id-6glpseiq work-v1 fg-text-dark\"><a href=\"https:\/\/universalpayments.ca\/french\/counter-service-retail-solution\/\" class=\"work-v1-img-gradient fg-text-dark ffb-link\"><div class=\"work-active-bg\"><\/div><img decoding=\"async\"  class=\"fg-image  img-responsive full-width\"  src=\"https:\/\/universalpayments.ca\/french\/wp-content\/uploads\/freshizer\/88d8b62365252b6e15de0d47a8c1960e_image17-360-370-c-100.jpg\"  alt=\"image17\"  title=\"\"   =\"\" ><span class=\"work-v1-view btn-white-brd btn-base-sm radius-3\">S\u00e9lectionner<\/span><\/a><div class=\"work-v1-wrap\"><div class=\"work-v1-content fg-text-dark ffb-content\"><h2 class=\"work-v1-title fg-text-dark ffb-title-1\"><a href=\"https:\/\/universalpayments.ca\/french\/counter-service-retail-solution\/\" >Service au comptoir et solution de vente au d\u00e9tail<\/a><\/h2><div class=\"work-v1-collapse fg-text-dark ffb-content-2\"><p>Accepte tous types de paiements (Visa, Master, Amex, Apple Pay, Google Pay, etc.) ; Terminal virtuel inclus<br \/>\n<\/p><\/div><\/div><\/div><\/section><\/div><div class=\"ffb-id-6glpsirh fg-col col-xs-12 col-sm-6 col-md-4 fg-text-dark\"><section class=\"ffb-id-6glpsiri work-v1 fg-text-dark\"><a href=\"https:\/\/universalpayments.ca\/french\/table-service-solution\/\" class=\"work-v1-img-gradient fg-text-dark ffb-link\"><div class=\"work-active-bg\"><\/div><img decoding=\"async\"  class=\"fg-image  img-responsive full-width\"  src=\"https:\/\/universalpayments.ca\/french\/wp-content\/uploads\/freshizer\/3701c71535a98a28dcc897e5f8e4d7ae_image7-2-360-370-c-100.jpg\"  alt=\"image7\"  title=\"\"   =\"\" ><span class=\"work-v1-view btn-white-brd btn-base-sm radius-3\">S\u00e9lectionner<\/span><\/a><div class=\"work-v1-wrap\"><div class=\"work-v1-content fg-text-dark ffb-content\"><h2 class=\"work-v1-title fg-text-dark ffb-title-1\"><a href=\"https:\/\/universalpayments.ca\/french\/table-service-solution\/\" >Service aux tables<\/a><\/h2><div class=\"work-v1-collapse fg-text-dark ffb-content-2\"><p>Affichages haute r\u00e9solution pour le commer\u00e7ant et le client. LTE int\u00e9gr\u00e9 pour la connectivit\u00e9 principale ou de secours. Notre nouvelle imprimante haute vitesse encore plus rapide<br \/>\n<\/p><\/div><\/div><\/div><\/section><\/div><\/div><\/div><\/section><style>.ffb-id-h7mga8q{ padding-top: 80px;padding-bottom: 80px;}.ffb-id-6glpsiri .ffb-link  .work-active-bg{ background-color: rgba(52, 52, 60, 0.3);}.ffb-id-6glpsiri .ffb-link{ font-weight: bold !important;}.ffb-id-6glpsiri .ffb-link ,.ffb-id-6glpsiri .ffb-link:before,.ffb-id-6glpsiri .ffb-link:after,.ffb-id-6glpsiri .ffb-link:hover,.ffb-id-6glpsiri .ffb-link:focus,.ffb-id-6glpsiri .ffb-link *,.ffb-id-6glpsiri .ffb-link *:before,.ffb-id-6glpsiri .ffb-link *:after,.ffb-id-6glpsiri .ffb-link *:hover,.ffb-id-6glpsiri .ffb-link *:focus{ font-weight: bold !important;}.ffb-id-6glpsiri .ffb-content .ffb-title-1 ,.ffb-id-6glpsiri .ffb-content .ffb-title-1:before,.ffb-id-6glpsiri .ffb-content .ffb-title-1:after,.ffb-id-6glpsiri .ffb-content .ffb-title-1 *,.ffb-id-6glpsiri .ffb-content .ffb-title-1 *:before,.ffb-id-6glpsiri .ffb-content .ffb-title-1 *:after{ color: #2a5c8a !important;}.ffb-id-6glpsiri .ffb-content .ffb-title-1{ font-weight: bold !important;text-align: center !important;}.ffb-id-6glpsiri .ffb-content .ffb-title-1 ,.ffb-id-6glpsiri .ffb-content .ffb-title-1:before,.ffb-id-6glpsiri .ffb-content .ffb-title-1:after,.ffb-id-6glpsiri .ffb-content .ffb-title-1:hover,.ffb-id-6glpsiri .ffb-content .ffb-title-1:focus,.ffb-id-6glpsiri .ffb-content .ffb-title-1 *,.ffb-id-6glpsiri .ffb-content .ffb-title-1 *:before,.ffb-id-6glpsiri .ffb-content .ffb-title-1 *:after,.ffb-id-6glpsiri .ffb-content .ffb-title-1 *:hover,.ffb-id-6glpsiri .ffb-content .ffb-title-1 *:focus{ font-weight: bold !important;text-align: center !important;}.ffb-id-6glpsiri .ffb-content .ffb-content-2{ text-align: center !important;}.ffb-id-6glpsiri .ffb-content .ffb-content-2 ,.ffb-id-6glpsiri .ffb-content .ffb-content-2:before,.ffb-id-6glpsiri .ffb-content .ffb-content-2:after,.ffb-id-6glpsiri .ffb-content .ffb-content-2:hover,.ffb-id-6glpsiri .ffb-content .ffb-content-2:focus,.ffb-id-6glpsiri .ffb-content .ffb-content-2 *,.ffb-id-6glpsiri .ffb-content .ffb-content-2 *:before,.ffb-id-6glpsiri .ffb-content .ffb-content-2 *:after,.ffb-id-6glpsiri .ffb-content .ffb-content-2 *:hover,.ffb-id-6glpsiri .ffb-content .ffb-content-2 *:focus{ text-align: center !important;}.ffb-id-6glpsiri .work-v1-view{ color: #ffffff;}.ffb-id-6glpsiri .work-v1-view{ background-color: #3366ff;}.ffb-id-6glpsiri .work-v1-view:hover{ color: #3366ff;}.ffb-id-6glpsiri .work-v1-view:hover{ background-color: #ffffff;}.ffb-id-6glpsiri .work-v1-content{ background-color: #ffffff;}.ffb-id-6glpsiri.work-v1{ box-shadow: 0 2px 5px 3px rgba(0,0,0,0.07);}.ffb-id-6glpseiq .ffb-link  .work-active-bg{ background-color: rgba(52, 52, 60, 0.3);}.ffb-id-6glpseiq .ffb-link{ font-weight: bold !important;}.ffb-id-6glpseiq .ffb-link ,.ffb-id-6glpseiq .ffb-link:before,.ffb-id-6glpseiq .ffb-link:after,.ffb-id-6glpseiq .ffb-link:hover,.ffb-id-6glpseiq .ffb-link:focus,.ffb-id-6glpseiq .ffb-link *,.ffb-id-6glpseiq .ffb-link *:before,.ffb-id-6glpseiq .ffb-link *:after,.ffb-id-6glpseiq .ffb-link *:hover,.ffb-id-6glpseiq .ffb-link *:focus{ font-weight: bold !important;}.ffb-id-6glpseiq .ffb-content .ffb-title-1 ,.ffb-id-6glpseiq .ffb-content .ffb-title-1:before,.ffb-id-6glpseiq .ffb-content .ffb-title-1:after,.ffb-id-6glpseiq .ffb-content .ffb-title-1 *,.ffb-id-6glpseiq .ffb-content .ffb-title-1 *:before,.ffb-id-6glpseiq .ffb-content .ffb-title-1 *:after{ color: #2a5c8a !important;}.ffb-id-6glpseiq .ffb-content .ffb-title-1{ font-weight: bold !important;text-align: center !important;}.ffb-id-6glpseiq .ffb-content .ffb-title-1 ,.ffb-id-6glpseiq .ffb-content .ffb-title-1:before,.ffb-id-6glpseiq .ffb-content .ffb-title-1:after,.ffb-id-6glpseiq .ffb-content .ffb-title-1:hover,.ffb-id-6glpseiq .ffb-content .ffb-title-1:focus,.ffb-id-6glpseiq .ffb-content .ffb-title-1 *,.ffb-id-6glpseiq .ffb-content .ffb-title-1 *:before,.ffb-id-6glpseiq .ffb-content .ffb-title-1 *:after,.ffb-id-6glpseiq .ffb-content .ffb-title-1 *:hover,.ffb-id-6glpseiq .ffb-content .ffb-title-1 *:focus{ font-weight: bold !important;text-align: center !important;}.ffb-id-6glpseiq .ffb-content .ffb-content-2{ text-align: center !important;}.ffb-id-6glpseiq .ffb-content .ffb-content-2 ,.ffb-id-6glpseiq .ffb-content .ffb-content-2:before,.ffb-id-6glpseiq .ffb-content .ffb-content-2:after,.ffb-id-6glpseiq .ffb-content .ffb-content-2:hover,.ffb-id-6glpseiq .ffb-content .ffb-content-2:focus,.ffb-id-6glpseiq .ffb-content .ffb-content-2 *,.ffb-id-6glpseiq .ffb-content .ffb-content-2 *:before,.ffb-id-6glpseiq .ffb-content .ffb-content-2 *:after,.ffb-id-6glpseiq .ffb-content .ffb-content-2 *:hover,.ffb-id-6glpseiq .ffb-content .ffb-content-2 *:focus{ text-align: center !important;}.ffb-id-6glpseiq .work-v1-view{ color: #ffffff;}.ffb-id-6glpseiq .work-v1-view{ background-color: #3366ff;}.ffb-id-6glpseiq .work-v1-view:hover{ color: #3366ff;}.ffb-id-6glpseiq .work-v1-view:hover{ background-color: #ffffff;}.ffb-id-6glpseiq .work-v1-content{ background-color: #ffffff;}.ffb-id-6glpseiq.work-v1{ box-shadow: 0 2px 5px 3px rgba(0,0,0,0.07);}.ffb-id-6glptmrr{ height: 30px;}.ffb-id-6glps3a2 .ffb-link  .work-active-bg{ background-color: rgba(52, 52, 60, 0.3);}.ffb-id-6glps3a2 .ffb-link{ font-weight: bold !important;}.ffb-id-6glps3a2 .ffb-link ,.ffb-id-6glps3a2 .ffb-link:before,.ffb-id-6glps3a2 .ffb-link:after,.ffb-id-6glps3a2 .ffb-link:hover,.ffb-id-6glps3a2 .ffb-link:focus,.ffb-id-6glps3a2 .ffb-link *,.ffb-id-6glps3a2 .ffb-link *:before,.ffb-id-6glps3a2 .ffb-link *:after,.ffb-id-6glps3a2 .ffb-link *:hover,.ffb-id-6glps3a2 .ffb-link *:focus{ font-weight: bold !important;}.ffb-id-6glps3a2 .ffb-content .ffb-title-1 ,.ffb-id-6glps3a2 .ffb-content .ffb-title-1:before,.ffb-id-6glps3a2 .ffb-content .ffb-title-1:after,.ffb-id-6glps3a2 .ffb-content .ffb-title-1 *,.ffb-id-6glps3a2 .ffb-content .ffb-title-1 *:before,.ffb-id-6glps3a2 .ffb-content .ffb-title-1 *:after{ color: #2a5c8a !important;}.ffb-id-6glps3a2 .ffb-content .ffb-title-1{ font-weight: bold !important;text-align: center !important;}.ffb-id-6glps3a2 .ffb-content .ffb-title-1 ,.ffb-id-6glps3a2 .ffb-content .ffb-title-1:before,.ffb-id-6glps3a2 .ffb-content .ffb-title-1:after,.ffb-id-6glps3a2 .ffb-content .ffb-title-1:hover,.ffb-id-6glps3a2 .ffb-content .ffb-title-1:focus,.ffb-id-6glps3a2 .ffb-content .ffb-title-1 *,.ffb-id-6glps3a2 .ffb-content .ffb-title-1 *:before,.ffb-id-6glps3a2 .ffb-content .ffb-title-1 *:after,.ffb-id-6glps3a2 .ffb-content .ffb-title-1 *:hover,.ffb-id-6glps3a2 .ffb-content .ffb-title-1 *:focus{ font-weight: bold !important;text-align: center !important;}.ffb-id-6glps3a2 .ffb-content .ffb-content-2{ text-align: center !important;}.ffb-id-6glps3a2 .ffb-content .ffb-content-2 ,.ffb-id-6glps3a2 .ffb-content .ffb-content-2:before,.ffb-id-6glps3a2 .ffb-content .ffb-content-2:after,.ffb-id-6glps3a2 .ffb-content .ffb-content-2:hover,.ffb-id-6glps3a2 .ffb-content .ffb-content-2:focus,.ffb-id-6glps3a2 .ffb-content .ffb-content-2 *,.ffb-id-6glps3a2 .ffb-content .ffb-content-2 *:before,.ffb-id-6glps3a2 .ffb-content .ffb-content-2 *:after,.ffb-id-6glps3a2 .ffb-content .ffb-content-2 *:hover,.ffb-id-6glps3a2 .ffb-content .ffb-content-2 *:focus{ text-align: center !important;}.ffb-id-6glps3a2 .work-v1-view{ color: #ffffff;}.ffb-id-6glps3a2 .work-v1-view{ background-color: #3366ff;}.ffb-id-6glps3a2 .work-v1-view:hover{ color: #3366ff;}.ffb-id-6glps3a2 .work-v1-view:hover{ background-color: #ffffff;}.ffb-id-6glps3a2 .work-v1-content{ background-color: #ffffff;}.ffb-id-6glps3a2.work-v1{ box-shadow: 0 2px 5px 3px rgba(0,0,0,0.07);}.ffb-id-6glq05hq .ffb-link  .work-active-bg{ background-color: rgba(52, 52, 60, 0.3);}.ffb-id-6glq05hq .ffb-link{ font-weight: bold !important;}.ffb-id-6glq05hq .ffb-link ,.ffb-id-6glq05hq .ffb-link:before,.ffb-id-6glq05hq .ffb-link:after,.ffb-id-6glq05hq .ffb-link:hover,.ffb-id-6glq05hq .ffb-link:focus,.ffb-id-6glq05hq .ffb-link *,.ffb-id-6glq05hq .ffb-link *:before,.ffb-id-6glq05hq .ffb-link *:after,.ffb-id-6glq05hq .ffb-link *:hover,.ffb-id-6glq05hq .ffb-link *:focus{ font-weight: bold !important;}.ffb-id-6glq05hq .ffb-content .ffb-title-1 ,.ffb-id-6glq05hq .ffb-content .ffb-title-1:before,.ffb-id-6glq05hq .ffb-content .ffb-title-1:after,.ffb-id-6glq05hq .ffb-content .ffb-title-1 *,.ffb-id-6glq05hq .ffb-content .ffb-title-1 *:before,.ffb-id-6glq05hq .ffb-content .ffb-title-1 *:after{ color: #2a5c8a !important;}.ffb-id-6glq05hq .ffb-content .ffb-title-1{ font-weight: bold !important;text-align: center !important;}.ffb-id-6glq05hq .ffb-content .ffb-title-1 ,.ffb-id-6glq05hq .ffb-content .ffb-title-1:before,.ffb-id-6glq05hq .ffb-content .ffb-title-1:after,.ffb-id-6glq05hq .ffb-content .ffb-title-1:hover,.ffb-id-6glq05hq .ffb-content .ffb-title-1:focus,.ffb-id-6glq05hq .ffb-content .ffb-title-1 *,.ffb-id-6glq05hq .ffb-content .ffb-title-1 *:before,.ffb-id-6glq05hq .ffb-content .ffb-title-1 *:after,.ffb-id-6glq05hq .ffb-content .ffb-title-1 *:hover,.ffb-id-6glq05hq .ffb-content .ffb-title-1 *:focus{ font-weight: bold !important;text-align: center !important;}.ffb-id-6glq05hq .ffb-content .ffb-content-2{ text-align: center !important;}.ffb-id-6glq05hq .ffb-content .ffb-content-2 ,.ffb-id-6glq05hq .ffb-content .ffb-content-2:before,.ffb-id-6glq05hq .ffb-content .ffb-content-2:after,.ffb-id-6glq05hq .ffb-content .ffb-content-2:hover,.ffb-id-6glq05hq .ffb-content .ffb-content-2:focus,.ffb-id-6glq05hq .ffb-content .ffb-content-2 *,.ffb-id-6glq05hq .ffb-content .ffb-content-2 *:before,.ffb-id-6glq05hq .ffb-content .ffb-content-2 *:after,.ffb-id-6glq05hq .ffb-content .ffb-content-2 *:hover,.ffb-id-6glq05hq .ffb-content .ffb-content-2 *:focus{ text-align: center !important;}.ffb-id-6glq05hq .work-v1-view{ color: #ffffff;}.ffb-id-6glq05hq .work-v1-view{ background-color: #3366ff;}.ffb-id-6glq05hq .work-v1-view:hover{ color: #3366ff;}.ffb-id-6glq05hq .work-v1-view:hover{ background-color: #ffffff;}.ffb-id-6glq05hq .work-v1-content{ background-color: #ffffff;}.ffb-id-6glq05hq.work-v1{ box-shadow: 0 2px 5px 3px rgba(0,0,0,0.07);}.ffb-id-h7ncoon .ffb-link  .work-active-bg{ background-color: rgba(52, 52, 60, 0.3);}.ffb-id-h7ncoon .ffb-link{ font-weight: bold !important;}.ffb-id-h7ncoon .ffb-link ,.ffb-id-h7ncoon .ffb-link:before,.ffb-id-h7ncoon .ffb-link:after,.ffb-id-h7ncoon .ffb-link:hover,.ffb-id-h7ncoon .ffb-link:focus,.ffb-id-h7ncoon .ffb-link *,.ffb-id-h7ncoon .ffb-link *:before,.ffb-id-h7ncoon .ffb-link *:after,.ffb-id-h7ncoon .ffb-link *:hover,.ffb-id-h7ncoon .ffb-link *:focus{ font-weight: bold !important;}.ffb-id-h7ncoon .ffb-content .ffb-title-1 ,.ffb-id-h7ncoon .ffb-content .ffb-title-1:before,.ffb-id-h7ncoon .ffb-content .ffb-title-1:after,.ffb-id-h7ncoon .ffb-content .ffb-title-1 *,.ffb-id-h7ncoon .ffb-content .ffb-title-1 *:before,.ffb-id-h7ncoon .ffb-content .ffb-title-1 *:after{ color: #2a5c8a !important;}.ffb-id-h7ncoon .ffb-content .ffb-title-1{ font-weight: bold !important;text-align: center !important;}.ffb-id-h7ncoon .ffb-content .ffb-title-1 ,.ffb-id-h7ncoon .ffb-content .ffb-title-1:before,.ffb-id-h7ncoon .ffb-content .ffb-title-1:after,.ffb-id-h7ncoon .ffb-content .ffb-title-1:hover,.ffb-id-h7ncoon .ffb-content .ffb-title-1:focus,.ffb-id-h7ncoon .ffb-content .ffb-title-1 *,.ffb-id-h7ncoon .ffb-content .ffb-title-1 *:before,.ffb-id-h7ncoon .ffb-content .ffb-title-1 *:after,.ffb-id-h7ncoon .ffb-content .ffb-title-1 *:hover,.ffb-id-h7ncoon .ffb-content .ffb-title-1 *:focus{ font-weight: bold !important;text-align: center !important;}.ffb-id-h7ncoon .ffb-content .ffb-content-2{ text-align: center !important;}.ffb-id-h7ncoon .ffb-content .ffb-content-2 ,.ffb-id-h7ncoon .ffb-content .ffb-content-2:before,.ffb-id-h7ncoon .ffb-content .ffb-content-2:after,.ffb-id-h7ncoon .ffb-content .ffb-content-2:hover,.ffb-id-h7ncoon .ffb-content .ffb-content-2:focus,.ffb-id-h7ncoon .ffb-content .ffb-content-2 *,.ffb-id-h7ncoon .ffb-content .ffb-content-2 *:before,.ffb-id-h7ncoon .ffb-content .ffb-content-2 *:after,.ffb-id-h7ncoon .ffb-content .ffb-content-2 *:hover,.ffb-id-h7ncoon .ffb-content .ffb-content-2 *:focus{ text-align: center !important;}.ffb-id-h7ncoon .work-v1-view{ color: #ffffff;}.ffb-id-h7ncoon .work-v1-view{ background-color: #3366ff;}.ffb-id-h7ncoon .work-v1-view:hover{ color: #3366ff;}.ffb-id-h7ncoon .work-v1-view:hover{ background-color: #ffffff;}.ffb-id-h7ncoon .work-v1-content{ background-color: #ffffff;}.ffb-id-h7ncoon.work-v1{ box-shadow: 0 2px 5px 3px rgba(0,0,0,0.07);}<\/style><script type=\"text\/javascript\"><\/script>\n","protected":false},"excerpt":{"rendered":"","protected":false},"author":1,"featured_media":0,"parent":0,"menu_order":0,"comment_status":"closed","ping_status":"closed","template":"","meta":{"footnotes":""},"class_list":["post-2287","page","type-page","status-publish","hentry","post-wrapper"],"_links":{"self":[{"href":"https:\/\/universalpayments.ca\/french\/wp-json\/wp\/v2\/pages\/2287","targetHints":{"allow":["GET"]}}],"collection":[{"href":"https:\/\/universalpayments.ca\/french\/wp-json\/wp\/v2\/pages"}],"about":[{"href":"https:\/\/universalpayments.ca\/french\/wp-json\/wp\/v2\/types\/page"}],"author":[{"embeddable":true,"href":"https:\/\/universalpayments.ca\/french\/wp-json\/wp\/v2\/users\/1"}],"replies":[{"embeddable":true,"href":"https:\/\/universalpayments.ca\/french\/wp-json\/wp\/v2\/comments?post=2287"}],"version-history":[{"count":10,"href":"https:\/\/universalpayments.ca\/french\/wp-json\/wp\/v2\/pages\/2287\/revisions"}],"predecessor-version":[{"id":3401,"href":"https:\/\/universalpayments.ca\/french\/wp-json\/wp\/v2\/pages\/2287\/revisions\/3401"}],"wp:attachment":[{"href":"https:\/\/universalpayments.ca\/french\/wp-json\/wp\/v2\/media?parent=2287"}],"curies":[{"name":"wp","href":"https:\/\/api.w.org\/{rel}","templated":true}]}}