{"id":1149,"date":"2023-01-24T07:20:36","date_gmt":"2023-01-24T12:20:36","guid":{"rendered":"https:\/\/universalpayments.ca\/french\/?page_id=1149"},"modified":"2023-05-01T09:34:53","modified_gmt":"2023-05-01T13:34:53","slug":"rates-fees","status":"publish","type":"page","link":"https:\/\/universalpayments.ca\/french\/rates-fees\/","title":{"rendered":"Tarifs et frais"},"content":{"rendered":"<section class=\"ffb-id-hd0o2gp fg-section fg-text-light\"><div class=\"fg-container container fg-container-large fg-container-lvl--1 \"><div class=\"fg-row row    \" ><div class=\"ffb-id-hd0o2gq fg-col col-xs-12 col-md-12 fg-text-light\"><section class=\"ffb-id-hd0otjo call-to-action-v2 fg-el-has-bg fg-text-light\"><span class=\"fg-bg\"><span data-fg-bg=\"{&quot;type&quot;:&quot;color&quot;,&quot;opacity&quot;:1,&quot;color&quot;:&quot;#333333&quot;}\" class=\"fg-bg-layer fg-bg-type-color \" style=\"opacity: 1; background-color: #333333;\"><\/span><\/span><div class=\"center-content-hor-wrap-sm\"><div class=\"center-content-hor-align-sm call-to-action-v2-labels fg-text-light ffb-labels-1\"><h2 class=\"call-to-action-v2-title fg-text-light ffb-title-1-1\">Taux de transfert<\/h2><hr style=\"width:8%;text-align:left;margin-left:0;border-top: 2px solid #646363;\" class=\"fg-text-light ffb-html-1-2\"><p class=\"call-to-action-v2-text fg-text-light ffb-description-1-3\">Les frais de transfert sont r\u00e9glement\u00e9s par les r\u00e9seaux de cartes de paiement, y compris Visa\u00ae, Mastercard\u00ae, Discover\u00ae et Interac\u00ae et ces frais peuvent changer de temps \u00e0 autre \u00e0 la discr\u00e9tion du r\u00e9seau de cartes de paiement.<br \/>\n<\/p><\/div><div class=\"center-content-hor-align-sm text-right call-to-action-2-buttons fg-text-light ffb-button-2\"><a href=\"https:\/\/universalpayments.ca\/french\/wp-content\/uploads\/2023\/02\/Pass-Through-Rates-Jan-2023.pdf\" class=\"ffb-block-button-1-0 ffb-btn ffb-btn-v4 ffb-btn-link  btn-base-brd-slide btn-slide  btn-base-md   btn-w-auto fg-text-light ffb-button4-2-1\"><span class=\"btn-text\">T\u00e9l\u00e9charger les tarifs de passage<\/span><i class=\"btn-text btn-base-element-icon margin-l-10 ff-font-awesome4 icon-download\"><\/i><\/a><\/div><\/div><\/section><section class=\"ffb-id-6hkupjm4 call-to-action-v2 fg-el-has-bg fg-text-light\"><span class=\"fg-bg\"><span data-fg-bg=\"{&quot;type&quot;:&quot;color&quot;,&quot;opacity&quot;:1,&quot;color&quot;:&quot;#333333&quot;}\" class=\"fg-bg-layer fg-bg-type-color \" style=\"opacity: 1; background-color: #333333;\"><\/span><\/span><div class=\"center-content-hor-wrap-sm\"><div class=\"center-content-hor-align-sm call-to-action-v2-labels fg-text-light ffb-labels-1\"><h2 class=\"call-to-action-v2-title fg-text-light ffb-title-1-1\">Les taux courants<\/h2><hr style=\"width:8%;text-align:left;margin-left:0;border-top: 2px solid #646363;\" class=\"fg-text-light ffb-html-1-2\"><p class=\"call-to-action-v2-text fg-text-light ffb-description-1-3\">Le PDF fourni comprend les taux d'interchange actuels \u00e9tablis par Visa, Mastercard, Discover et UnionPay International pour le traitement des paiements par carte au Canada, ainsi que les taux d'escompte de gros factur\u00e9s par American Express.<br \/>\n<\/p><\/div><div class=\"center-content-hor-align-sm text-right call-to-action-2-buttons fg-text-light ffb-button-2\"><a href=\"https:\/\/universalpayments.ca\/wp-content\/uploads\/2023\/05\/Current-Interchange-Rates_April2023.pdf\" class=\"ffb-block-button-2-0 ffb-btn ffb-btn-v4 ffb-btn-link  btn-base-brd-slide btn-slide  btn-base-md   btn-w-auto fg-text-light ffb-button4-2-1\"><span class=\"btn-text\">T\u00e9l\u00e9charger les taux d'interchange actuels<\/span><i class=\"btn-text btn-base-element-icon margin-l-10 ff-font-awesome4 icon-download\"><\/i><\/a><\/div><\/div><\/section><\/div><\/div><\/div><\/section><style>.ffb-id-hd0o2gp{ padding-top: 40px;padding-bottom: 40px;}@media (min-width:992px) { .ffb-id-hd0o2gp{ padding-top: 70px;padding-bottom: 70px;}}.ffb-id-6hkupjm4 .ffb-labels-1 .ffb-title-1-1{ font-weight: bold !important;}.ffb-id-6hkupjm4 .ffb-labels-1 .ffb-title-1-1 ,.ffb-id-6hkupjm4 .ffb-labels-1 .ffb-title-1-1:before,.ffb-id-6hkupjm4 .ffb-labels-1 .ffb-title-1-1:after,.ffb-id-6hkupjm4 .ffb-labels-1 .ffb-title-1-1:hover,.ffb-id-6hkupjm4 .ffb-labels-1 .ffb-title-1-1:focus,.ffb-id-6hkupjm4 .ffb-labels-1 .ffb-title-1-1 *,.ffb-id-6hkupjm4 .ffb-labels-1 .ffb-title-1-1 *:before,.ffb-id-6hkupjm4 .ffb-labels-1 .ffb-title-1-1 *:after,.ffb-id-6hkupjm4 .ffb-labels-1 .ffb-title-1-1 *:hover,.ffb-id-6hkupjm4 .ffb-labels-1 .ffb-title-1-1 *:focus{ font-weight: bold !important;}.ffb-id-6hkupjm4 .ffb-labels-1 .ffb-description-1-3 ,.ffb-id-6hkupjm4 .ffb-labels-1 .ffb-description-1-3:before,.ffb-id-6hkupjm4 .ffb-labels-1 .ffb-description-1-3:after,.ffb-id-6hkupjm4 .ffb-labels-1 .ffb-description-1-3 *,.ffb-id-6hkupjm4 .ffb-labels-1 .ffb-description-1-3 *:before,.ffb-id-6hkupjm4 .ffb-labels-1 .ffb-description-1-3 *:after{ color: #ffffff !important;}.ffb-id-6hkupjm4 .ffb-labels-1 .ffb-description-1-3{ font-size: 16px !important;font-weight: 300 !important;}.ffb-id-6hkupjm4 .ffb-labels-1 .ffb-description-1-3 ,.ffb-id-6hkupjm4 .ffb-labels-1 .ffb-description-1-3:before,.ffb-id-6hkupjm4 .ffb-labels-1 .ffb-description-1-3:after,.ffb-id-6hkupjm4 .ffb-labels-1 .ffb-description-1-3:hover,.ffb-id-6hkupjm4 .ffb-labels-1 .ffb-description-1-3:focus,.ffb-id-6hkupjm4 .ffb-labels-1 .ffb-description-1-3 *,.ffb-id-6hkupjm4 .ffb-labels-1 .ffb-description-1-3 *:before,.ffb-id-6hkupjm4 .ffb-labels-1 .ffb-description-1-3 *:after,.ffb-id-6hkupjm4 .ffb-labels-1 .ffb-description-1-3 *:hover,.ffb-id-6hkupjm4 .ffb-labels-1 .ffb-description-1-3 *:focus{ font-size: 16px !important;font-weight: 300 !important;}.ffb-id-6hkupjm4 .ffb-button-2 .ffb-button4-2-1.ffb-block-button-2-0.btn-base-brd-slide{ color:#ffffff;}.ffb-id-6hkupjm4 .ffb-button-2 .ffb-button4-2-1.ffb-block-button-2-0.btn-base-brd-slide:hover{ color:#434343;}.ffb-id-6hkupjm4 .ffb-button-2 .ffb-button4-2-1.ffb-block-button-2-0.btn-base-brd-slide i{ color:#ffffff;}.ffb-id-6hkupjm4 .ffb-button-2 .ffb-button4-2-1.ffb-block-button-2-0.btn-base-brd-slide:hover i{ color:#434343;}.ffb-id-6hkupjm4 .ffb-button-2 .ffb-button4-2-1.ffb-block-button-2-0.btn-base-brd-slide{ border-color: transparent;}.ffb-id-6hkupjm4 .ffb-button-2 .ffb-button4-2-1.ffb-block-button-2-0.btn-base-brd-slide:hover{ border-color: transparent;}.ffb-id-6hkupjm4 .ffb-button-2 .ffb-button4-2-1.ffb-block-button-2-0.btn-base-brd-slide{ background-color:#2a5c8a;}.ffb-id-6hkupjm4 .ffb-button-2 .ffb-button4-2-1.ffb-block-button-2-0.btn-base-brd-slide:hover{ background-color:#ffffff;}.ffb-id-6hkupjm4{ margin-bottom: 40px;padding-top: 40px;padding-right: 40px;padding-bottom: 40px;padding-left: 40px;}.ffb-id-hd0otjo .ffb-labels-1 .ffb-title-1-1{ font-weight: bold !important;}.ffb-id-hd0otjo .ffb-labels-1 .ffb-title-1-1 ,.ffb-id-hd0otjo .ffb-labels-1 .ffb-title-1-1:before,.ffb-id-hd0otjo .ffb-labels-1 .ffb-title-1-1:after,.ffb-id-hd0otjo .ffb-labels-1 .ffb-title-1-1:hover,.ffb-id-hd0otjo .ffb-labels-1 .ffb-title-1-1:focus,.ffb-id-hd0otjo .ffb-labels-1 .ffb-title-1-1 *,.ffb-id-hd0otjo .ffb-labels-1 .ffb-title-1-1 *:before,.ffb-id-hd0otjo .ffb-labels-1 .ffb-title-1-1 *:after,.ffb-id-hd0otjo .ffb-labels-1 .ffb-title-1-1 *:hover,.ffb-id-hd0otjo .ffb-labels-1 .ffb-title-1-1 *:focus{ font-weight: bold !important;}.ffb-id-hd0otjo .ffb-labels-1 .ffb-description-1-3 ,.ffb-id-hd0otjo .ffb-labels-1 .ffb-description-1-3:before,.ffb-id-hd0otjo .ffb-labels-1 .ffb-description-1-3:after,.ffb-id-hd0otjo .ffb-labels-1 .ffb-description-1-3 *,.ffb-id-hd0otjo .ffb-labels-1 .ffb-description-1-3 *:before,.ffb-id-hd0otjo .ffb-labels-1 .ffb-description-1-3 *:after{ color: #ffffff !important;}.ffb-id-hd0otjo .ffb-labels-1 .ffb-description-1-3{ font-size: 16px !important;font-weight: 300 !important;}.ffb-id-hd0otjo .ffb-labels-1 .ffb-description-1-3 ,.ffb-id-hd0otjo .ffb-labels-1 .ffb-description-1-3:before,.ffb-id-hd0otjo .ffb-labels-1 .ffb-description-1-3:after,.ffb-id-hd0otjo .ffb-labels-1 .ffb-description-1-3:hover,.ffb-id-hd0otjo .ffb-labels-1 .ffb-description-1-3:focus,.ffb-id-hd0otjo .ffb-labels-1 .ffb-description-1-3 *,.ffb-id-hd0otjo .ffb-labels-1 .ffb-description-1-3 *:before,.ffb-id-hd0otjo .ffb-labels-1 .ffb-description-1-3 *:after,.ffb-id-hd0otjo .ffb-labels-1 .ffb-description-1-3 *:hover,.ffb-id-hd0otjo .ffb-labels-1 .ffb-description-1-3 *:focus{ font-size: 16px !important;font-weight: 300 !important;}.ffb-id-hd0otjo .ffb-button-2 .ffb-button4-2-1.ffb-block-button-1-0.btn-base-brd-slide{ color:#ffffff;}.ffb-id-hd0otjo .ffb-button-2 .ffb-button4-2-1.ffb-block-button-1-0.btn-base-brd-slide:hover{ color:#434343;}.ffb-id-hd0otjo .ffb-button-2 .ffb-button4-2-1.ffb-block-button-1-0.btn-base-brd-slide i{ color:#ffffff;}.ffb-id-hd0otjo .ffb-button-2 .ffb-button4-2-1.ffb-block-button-1-0.btn-base-brd-slide:hover i{ color:#434343;}.ffb-id-hd0otjo .ffb-button-2 .ffb-button4-2-1.ffb-block-button-1-0.btn-base-brd-slide{ border-color: transparent;}.ffb-id-hd0otjo .ffb-button-2 .ffb-button4-2-1.ffb-block-button-1-0.btn-base-brd-slide:hover{ border-color: transparent;}.ffb-id-hd0otjo .ffb-button-2 .ffb-button4-2-1.ffb-block-button-1-0.btn-base-brd-slide{ background-color:#2a5c8a;}.ffb-id-hd0otjo .ffb-button-2 .ffb-button4-2-1.ffb-block-button-1-0.btn-base-brd-slide:hover{ background-color:#ffffff;}.ffb-id-hd0otjo{ margin-bottom: 40px;padding-top: 40px;padding-right: 40px;padding-bottom: 40px;padding-left: 40px;}<\/style><script type=\"text\/javascript\"><\/script>\n","protected":false},"excerpt":{"rendered":"","protected":false},"author":1,"featured_media":0,"parent":0,"menu_order":0,"comment_status":"closed","ping_status":"closed","template":"","meta":{"footnotes":""},"class_list":["post-1149","page","type-page","status-publish","hentry","post-wrapper"],"_links":{"self":[{"href":"https:\/\/universalpayments.ca\/french\/wp-json\/wp\/v2\/pages\/1149","targetHints":{"allow":["GET"]}}],"collection":[{"href":"https:\/\/universalpayments.ca\/french\/wp-json\/wp\/v2\/pages"}],"about":[{"href":"https:\/\/universalpayments.ca\/french\/wp-json\/wp\/v2\/types\/page"}],"author":[{"embeddable":true,"href":"https:\/\/universalpayments.ca\/french\/wp-json\/wp\/v2\/users\/1"}],"replies":[{"embeddable":true,"href":"https:\/\/universalpayments.ca\/french\/wp-json\/wp\/v2\/comments?post=1149"}],"version-history":[{"count":10,"href":"https:\/\/universalpayments.ca\/french\/wp-json\/wp\/v2\/pages\/1149\/revisions"}],"predecessor-version":[{"id":4109,"href":"https:\/\/universalpayments.ca\/french\/wp-json\/wp\/v2\/pages\/1149\/revisions\/4109"}],"wp:attachment":[{"href":"https:\/\/universalpayments.ca\/french\/wp-json\/wp\/v2\/media?parent=1149"}],"curies":[{"name":"wp","href":"https:\/\/api.w.org\/{rel}","templated":true}]}}